{"id":77,"date":"2025-02-23T20:06:37","date_gmt":"2025-02-23T19:06:37","guid":{"rendered":"https:\/\/uncannypolitics.org\/?page_id=77"},"modified":"2025-11-13T18:46:46","modified_gmt":"2025-11-13T17:46:46","slug":"a-propos","status":"publish","type":"page","link":"https:\/\/uncannypolitics.org\/index.php\/a-propos\/","title":{"rendered":"Bio"},"content":{"rendered":"\n<div class=\"wp-block-cover alignfull is-light has-contrast-color has-text-color has-link-color wp-elements-b8a5698261b29ca0b95099993e57e694\" style=\"margin-top:0;margin-bottom:0;padding-top:var(--wp--preset--spacing--60);padding-right:var(--wp--preset--spacing--50);padding-bottom:var(--wp--preset--spacing--60);padding-left:var(--wp--preset--spacing--50)\"><span aria-hidden=\"true\" class=\"wp-block-cover__background has-base-background-color has-background-dim-100 has-background-dim\"><\/span><div class=\"wp-block-cover__inner-container is-layout-constrained wp-container-core-cover-is-layout-873ee6b1 wp-block-cover-is-layout-constrained\">\n<div class=\"wp-block-columns alignwide is-layout-flex wp-container-core-columns-is-layout-7ee84d44 wp-block-columns-is-layout-flex\">\n<div class=\"wp-block-column is-layout-flow wp-block-column-is-layout-flow\" style=\"flex-basis:65%\">\n<div class=\"wp-block-group is-vertical is-content-justification-stretch is-layout-flex wp-container-core-group-is-layout-353c4f5a wp-block-group-is-layout-flex\">\n<p class=\"is-style-text-subtitle\">Issu d&#8217;une formation transdisciplinaire entre arts plastiques, cin\u00e9ma et musique, Adrien Ordonneau interroge les effets et affects du sentiment d&#8217;inqui\u00e9tante \u00e9tranget\u00e9 dans la culture.  <\/p>\n\n\n\n<p class=\"is-style-text-subtitle\">En tant que chercheur et enseignant \u00e0 l&#8217;universit\u00e9 Rennes 2, il termine une th\u00e8se en recherche cr\u00e9ation intitul\u00e9e \u00ab Politiques de l&#8217;inqui\u00e9tante \u00e9tranget\u00e9 : th\u00e9ories, pratiques, imaginaires \u00bb, au sein du laboratoire PTAC (Pratique et Th\u00e9orie de l&#8217;Art Contemporain). Il est \u00e9galement artiste associ\u00e9 aux Ateliers du Vent, \u00e0 Rennes, plasticien et musicien sous le pseudonyme Makinist.<\/p>\n\n\n\n<p class=\"is-style-text-subtitle\"><\/p>\n\n\n\n<p class=\"is-style-text-subtitle\"><\/p>\n\n\n\n<hr class=\"wp-block-separator has-alpha-channel-opacity\"\/>\n<\/div>\n<\/div>\n\n\n\n<div class=\"wp-block-column is-layout-flow wp-block-column-is-layout-flow\" style=\"flex-basis:35%\">\n<div class=\"wp-block-group is-vertical is-content-justification-stretch is-nowrap is-layout-flex wp-container-core-group-is-layout-73b0033c wp-block-group-is-layout-flex\">\n<figure class=\"wp-block-image size-full is-resized\"><img decoding=\"async\" width=\"1080\" height=\"1377\" src=\"http:\/\/uncannypolitics.org\/wp-content\/uploads\/2025\/02\/Screenshot_20250122_214924_com.bandcamp.android.jpg\" alt=\"\" class=\"wp-image-80\" style=\"aspect-ratio:0.75;object-fit:cover;width:617px;height:auto\" srcset=\"https:\/\/uncannypolitics.org\/wp-content\/uploads\/2025\/02\/Screenshot_20250122_214924_com.bandcamp.android.jpg 1080w, https:\/\/uncannypolitics.org\/wp-content\/uploads\/2025\/02\/Screenshot_20250122_214924_com.bandcamp.android-235x300.jpg 235w, https:\/\/uncannypolitics.org\/wp-content\/uploads\/2025\/02\/Screenshot_20250122_214924_com.bandcamp.android-803x1024.jpg 803w, https:\/\/uncannypolitics.org\/wp-content\/uploads\/2025\/02\/Screenshot_20250122_214924_com.bandcamp.android-768x979.jpg 768w\" sizes=\"(max-width: 1080px) 100vw, 1080px\" \/><\/figure>\n\n\n\n<p class=\"has-text-align-right has-x-large-font-size\" style=\"line-height:1.2\"><a href=\"https:\/\/www.instagram.com\/_makinist\/\">Instagram<\/a><br><a href=\"https:\/\/makinist.bandcamp.com\/?from=search&amp;search_item_id=204576598&amp;search_item_type=b&amp;search_match_part=%3F&amp;search_page_id=4123239595&amp;search_page_no=1&amp;search_rank=1&amp;search_sig=41f6ca96fced944d290ac9fb3ea8a5b9\">Bandcamp<\/a><br><a href=\"https:\/\/soundcloud.com\/makinist-0\" data-type=\"link\" data-id=\"https:\/\/soundcloud.com\/makinist-0\">Soundcloud<\/a><\/p>\n<\/div>\n<\/div>\n<\/div>\n<\/div><\/div>\n","protected":false},"excerpt":{"rendered":"","protected":false},"author":1,"featured_media":0,"parent":0,"menu_order":0,"comment_status":"closed","ping_status":"closed","template":"","meta":{"footnotes":""},"class_list":["post-77","page","type-page","status-publish"],"_links":{"self":[{"href":"https:\/\/uncannypolitics.org\/index.php\/wp-json\/wp\/v2\/pages\/77","targetHints":{"allow":["GET"]}}],"collection":[{"href":"https:\/\/uncannypolitics.org\/index.php\/wp-json\/wp\/v2\/pages"}],"about":[{"href":"https:\/\/uncannypolitics.org\/index.php\/wp-json\/wp\/v2\/types\/page"}],"author":[{"embeddable":true,"href":"https:\/\/uncannypolitics.org\/index.php\/wp-json\/wp\/v2\/users\/1"}],"replies":[{"embeddable":true,"href":"https:\/\/uncannypolitics.org\/index.php\/wp-json\/wp\/v2\/comments?post=77"}],"version-history":[{"count":9,"href":"https:\/\/uncannypolitics.org\/index.php\/wp-json\/wp\/v2\/pages\/77\/revisions"}],"predecessor-version":[{"id":971,"href":"https:\/\/uncannypolitics.org\/index.php\/wp-json\/wp\/v2\/pages\/77\/revisions\/971"}],"wp:attachment":[{"href":"https:\/\/uncannypolitics.org\/index.php\/wp-json\/wp\/v2\/media?parent=77"}],"curies":[{"name":"wp","href":"https:\/\/api.w.org\/{rel}","templated":true}]}}