{"id":459,"date":"2025-02-27T23:04:16","date_gmt":"2025-02-27T22:04:16","guid":{"rendered":"https:\/\/uncannypolitics.org\/?page_id=459"},"modified":"2025-03-04T01:35:56","modified_gmt":"2025-03-04T00:35:56","slug":"mange-tes-mort-w-hugo-kostrzewa-2024","status":"publish","type":"page","link":"https:\/\/uncannypolitics.org\/index.php\/creations\/aliment\/mange-tes-mort-w-hugo-kostrzewa-2024\/","title":{"rendered":"Mange, t&#8217;es mort"},"content":{"rendered":"\n<figure class=\"wp-block-image size-large is-resized\"><img decoding=\"async\" width=\"1024\" height=\"683\" src=\"http:\/\/uncannypolitics.org\/wp-content\/uploads\/2025\/03\/9b3ef985-1024x683.jpg\" alt=\"\" class=\"wp-image-818\" style=\"width:1076px;height:auto\" srcset=\"https:\/\/uncannypolitics.org\/wp-content\/uploads\/2025\/03\/9b3ef985-1024x683.jpg 1024w, https:\/\/uncannypolitics.org\/wp-content\/uploads\/2025\/03\/9b3ef985-300x200.jpg 300w, https:\/\/uncannypolitics.org\/wp-content\/uploads\/2025\/03\/9b3ef985-768x512.jpg 768w, https:\/\/uncannypolitics.org\/wp-content\/uploads\/2025\/03\/9b3ef985.jpg 1462w\" sizes=\"(max-width: 1024px) 100vw, 1024px\" \/><\/figure>\n\n\n\n<p><strong>2023<\/strong><\/p>\n\n\n\n<p>Invitation \u00e0 collaborer des artistes <a href=\"https:\/\/www.hugoko.com\/#\" data-type=\"link\" data-id=\"https:\/\/www.hugoko.com\/#\">Hugo Kostrzewa<\/a> et <a href=\"https:\/\/catherine-duverger.format.com\/\" data-type=\"link\" data-id=\"https:\/\/catherine-duverger.format.com\/\">Catherine Duverger<\/a> fondateur\u22c5rices de l&#8217;<a href=\"https:\/\/atelierduventre.tumblr.com\/\" data-type=\"link\" data-id=\"https:\/\/atelierduventre.tumblr.com\/\">atelier du ventre<\/a><\/p>\n\n\n\n<p>Installation performative \/ d\u00e9gustations<\/p>\n\n\n\n<figure class=\"wp-block-gallery has-nested-images columns-default is-cropped wp-block-gallery-1 is-layout-flex wp-block-gallery-is-layout-flex\">\n<figure class=\"wp-block-image size-large\"><img decoding=\"async\" width=\"1024\" height=\"683\" data-id=\"820\" src=\"https:\/\/uncannypolitics.org\/wp-content\/uploads\/2025\/03\/9202aecb-1024x683.jpg\" alt=\"\" class=\"wp-image-820\" srcset=\"https:\/\/uncannypolitics.org\/wp-content\/uploads\/2025\/03\/9202aecb-1024x683.jpg 1024w, https:\/\/uncannypolitics.org\/wp-content\/uploads\/2025\/03\/9202aecb-300x200.jpg 300w, https:\/\/uncannypolitics.org\/wp-content\/uploads\/2025\/03\/9202aecb-768x512.jpg 768w, https:\/\/uncannypolitics.org\/wp-content\/uploads\/2025\/03\/9202aecb.jpg 1462w\" sizes=\"(max-width: 1024px) 100vw, 1024px\" \/><\/figure>\n\n\n\n<figure class=\"wp-block-image size-large\"><img decoding=\"async\" width=\"1024\" height=\"683\" data-id=\"819\" src=\"https:\/\/uncannypolitics.org\/wp-content\/uploads\/2025\/03\/29d3bbbc-1024x683.jpg\" alt=\"\" class=\"wp-image-819\" srcset=\"https:\/\/uncannypolitics.org\/wp-content\/uploads\/2025\/03\/29d3bbbc-1024x683.jpg 1024w, https:\/\/uncannypolitics.org\/wp-content\/uploads\/2025\/03\/29d3bbbc-300x200.jpg 300w, https:\/\/uncannypolitics.org\/wp-content\/uploads\/2025\/03\/29d3bbbc-768x512.jpg 768w, https:\/\/uncannypolitics.org\/wp-content\/uploads\/2025\/03\/29d3bbbc.jpg 1462w\" sizes=\"(max-width: 1024px) 100vw, 1024px\" \/><\/figure>\n<\/figure>\n\n\n\n<figure class=\"wp-block-gallery has-nested-images columns-default is-cropped wp-block-gallery-2 is-layout-flex wp-block-gallery-is-layout-flex\">\n<figure class=\"wp-block-image size-large\"><img decoding=\"async\" width=\"1024\" height=\"683\" data-id=\"817\" src=\"https:\/\/uncannypolitics.org\/wp-content\/uploads\/2025\/03\/8c7589e0-1024x683.jpg\" alt=\"\" class=\"wp-image-817\" srcset=\"https:\/\/uncannypolitics.org\/wp-content\/uploads\/2025\/03\/8c7589e0-1024x683.jpg 1024w, https:\/\/uncannypolitics.org\/wp-content\/uploads\/2025\/03\/8c7589e0-300x200.jpg 300w, https:\/\/uncannypolitics.org\/wp-content\/uploads\/2025\/03\/8c7589e0-768x512.jpg 768w, https:\/\/uncannypolitics.org\/wp-content\/uploads\/2025\/03\/8c7589e0.jpg 1462w\" sizes=\"(max-width: 1024px) 100vw, 1024px\" \/><\/figure>\n<\/figure>\n\n\n\n<figure class=\"wp-block-gallery has-nested-images columns-default is-cropped wp-block-gallery-3 is-layout-flex wp-block-gallery-is-layout-flex\">\n<figure class=\"wp-block-image size-large\"><img decoding=\"async\" width=\"1024\" height=\"683\" data-id=\"815\" src=\"https:\/\/uncannypolitics.org\/wp-content\/uploads\/2025\/03\/6f943547-1024x683.jpg\" alt=\"\" class=\"wp-image-815\" srcset=\"https:\/\/uncannypolitics.org\/wp-content\/uploads\/2025\/03\/6f943547-1024x683.jpg 1024w, https:\/\/uncannypolitics.org\/wp-content\/uploads\/2025\/03\/6f943547-300x200.jpg 300w, https:\/\/uncannypolitics.org\/wp-content\/uploads\/2025\/03\/6f943547-768x512.jpg 768w, https:\/\/uncannypolitics.org\/wp-content\/uploads\/2025\/03\/6f943547.jpg 1462w\" sizes=\"(max-width: 1024px) 100vw, 1024px\" \/><\/figure>\n\n\n\n<figure class=\"wp-block-image size-large\"><img decoding=\"async\" width=\"650\" height=\"975\" data-id=\"821\" src=\"https:\/\/uncannypolitics.org\/wp-content\/uploads\/2025\/03\/be2a10d3.jpg\" alt=\"\" class=\"wp-image-821\" srcset=\"https:\/\/uncannypolitics.org\/wp-content\/uploads\/2025\/03\/be2a10d3.jpg 650w, https:\/\/uncannypolitics.org\/wp-content\/uploads\/2025\/03\/be2a10d3-200x300.jpg 200w\" sizes=\"(max-width: 650px) 100vw, 650px\" \/><\/figure>\n\n\n\n<figure class=\"wp-block-image size-large\"><img decoding=\"async\" width=\"1024\" height=\"683\" data-id=\"816\" src=\"https:\/\/uncannypolitics.org\/wp-content\/uploads\/2025\/03\/8a480dee-1024x683.jpg\" alt=\"\" class=\"wp-image-816\" srcset=\"https:\/\/uncannypolitics.org\/wp-content\/uploads\/2025\/03\/8a480dee-1024x683.jpg 1024w, https:\/\/uncannypolitics.org\/wp-content\/uploads\/2025\/03\/8a480dee-300x200.jpg 300w, https:\/\/uncannypolitics.org\/wp-content\/uploads\/2025\/03\/8a480dee-768x512.jpg 768w, https:\/\/uncannypolitics.org\/wp-content\/uploads\/2025\/03\/8a480dee.jpg 1462w\" sizes=\"(max-width: 1024px) 100vw, 1024px\" \/><\/figure>\n<\/figure>\n\n\n\n<p>Mange t\u2019es mort est une exp\u00e9rience sensorielle immersive sous la forme d\u2019un showroom curieux, quelque part entre l\u2019exposition d\u2019art contemporain et le salon de l\u2019 agriculture. Atelier du ventre y partagera l\u2019avanc\u00e9e de ses recherches autour du fait alimentaire sous la forme d\u2019installations accompagn\u00e9es de r\u00e9cits factuels ou fictionnels. Il sera donc question de faire ensemble une vir\u00e9e sur les territoires du bizarre et de l\u2019invisible, et de d\u00e9guster du mort, du vivant et des histoires, quitte \u00e0 braver au passage quelques interdits.<\/p>\n\n\n\n<p><\/p>\n","protected":false},"excerpt":{"rendered":"<p>2023 Invitation \u00e0 collaborer des artistes Hugo Kostrzewa et Catherine Duverger fondateur\u22c5rices de l&#8217;atelier du ventre Installation performative \/ d\u00e9gustations Mange t\u2019es mort est une exp\u00e9rience sensorielle immersive sous la forme d\u2019un showroom curieux, quelque part entre l\u2019exposition d\u2019art contemporain et le salon de l\u2019 agriculture. Atelier du ventre y partagera l\u2019avanc\u00e9e de ses recherches [&hellip;]<\/p>\n","protected":false},"author":1,"featured_media":0,"parent":192,"menu_order":0,"comment_status":"closed","ping_status":"closed","template":"","meta":{"footnotes":""},"class_list":["post-459","page","type-page","status-publish"],"_links":{"self":[{"href":"https:\/\/uncannypolitics.org\/index.php\/wp-json\/wp\/v2\/pages\/459","targetHints":{"allow":["GET"]}}],"collection":[{"href":"https:\/\/uncannypolitics.org\/index.php\/wp-json\/wp\/v2\/pages"}],"about":[{"href":"https:\/\/uncannypolitics.org\/index.php\/wp-json\/wp\/v2\/types\/page"}],"author":[{"embeddable":true,"href":"https:\/\/uncannypolitics.org\/index.php\/wp-json\/wp\/v2\/users\/1"}],"replies":[{"embeddable":true,"href":"https:\/\/uncannypolitics.org\/index.php\/wp-json\/wp\/v2\/comments?post=459"}],"version-history":[{"count":6,"href":"https:\/\/uncannypolitics.org\/index.php\/wp-json\/wp\/v2\/pages\/459\/revisions"}],"predecessor-version":[{"id":828,"href":"https:\/\/uncannypolitics.org\/index.php\/wp-json\/wp\/v2\/pages\/459\/revisions\/828"}],"up":[{"embeddable":true,"href":"https:\/\/uncannypolitics.org\/index.php\/wp-json\/wp\/v2\/pages\/192"}],"wp:attachment":[{"href":"https:\/\/uncannypolitics.org\/index.php\/wp-json\/wp\/v2\/media?parent=459"}],"curies":[{"name":"wp","href":"https:\/\/api.w.org\/{rel}","templated":true}]}}