{"id":455,"date":"2025-02-27T23:03:35","date_gmt":"2025-02-27T22:03:35","guid":{"rendered":"https:\/\/uncannypolitics.org\/?page_id=455"},"modified":"2025-03-05T22:13:39","modified_gmt":"2025-03-05T21:13:39","slug":"will-it-kebab-w-hugo-kostrzewa-2023","status":"publish","type":"page","link":"https:\/\/uncannypolitics.org\/index.php\/creations\/aliment\/will-it-kebab-w-hugo-kostrzewa-2023\/","title":{"rendered":"Will it kebab ?"},"content":{"rendered":"\n<figure class=\"wp-block-image size-large\"><img decoding=\"async\" width=\"1024\" height=\"1021\" src=\"http:\/\/uncannypolitics.org\/wp-content\/uploads\/2025\/03\/Screenshot_20250304_014952_com.instagram.android-1024x1021.jpg\" alt=\"\" class=\"wp-image-928\" srcset=\"https:\/\/uncannypolitics.org\/wp-content\/uploads\/2025\/03\/Screenshot_20250304_014952_com.instagram.android-1024x1021.jpg 1024w, https:\/\/uncannypolitics.org\/wp-content\/uploads\/2025\/03\/Screenshot_20250304_014952_com.instagram.android-300x300.jpg 300w, https:\/\/uncannypolitics.org\/wp-content\/uploads\/2025\/03\/Screenshot_20250304_014952_com.instagram.android-150x150.jpg 150w, https:\/\/uncannypolitics.org\/wp-content\/uploads\/2025\/03\/Screenshot_20250304_014952_com.instagram.android-768x766.jpg 768w, https:\/\/uncannypolitics.org\/wp-content\/uploads\/2025\/03\/Screenshot_20250304_014952_com.instagram.android.jpg 1077w\" sizes=\"(max-width: 1024px) 100vw, 1024px\" \/><\/figure>\n\n\n\n<p><strong>2023<\/strong><\/p>\n\n\n\n<p>Collaboration avec Hugo Kostrzewa pour son projet en cours <em>Will it kebab ? <\/em>(exp\u00e9rience artistique, scientifique, sociale et collective)<\/p>\n\n\n\n<p> <\/p>\n\n\n\n<figure class=\"wp-block-gallery has-nested-images columns-default is-cropped wp-block-gallery-1 is-layout-flex wp-block-gallery-is-layout-flex\">\n<figure class=\"wp-block-image size-large\"><img decoding=\"async\" width=\"1018\" height=\"1024\" data-id=\"926\" src=\"https:\/\/uncannypolitics.org\/wp-content\/uploads\/2025\/03\/Screenshot_20250304_014916_com.instagram.android-1018x1024.jpg\" alt=\"\" class=\"wp-image-926\" srcset=\"https:\/\/uncannypolitics.org\/wp-content\/uploads\/2025\/03\/Screenshot_20250304_014916_com.instagram.android-1018x1024.jpg 1018w, https:\/\/uncannypolitics.org\/wp-content\/uploads\/2025\/03\/Screenshot_20250304_014916_com.instagram.android-298x300.jpg 298w, https:\/\/uncannypolitics.org\/wp-content\/uploads\/2025\/03\/Screenshot_20250304_014916_com.instagram.android-150x150.jpg 150w, https:\/\/uncannypolitics.org\/wp-content\/uploads\/2025\/03\/Screenshot_20250304_014916_com.instagram.android-768x772.jpg 768w, https:\/\/uncannypolitics.org\/wp-content\/uploads\/2025\/03\/Screenshot_20250304_014916_com.instagram.android.jpg 1077w\" sizes=\"(max-width: 1018px) 100vw, 1018px\" \/><\/figure>\n\n\n\n<figure class=\"wp-block-image size-large\"><img decoding=\"async\" width=\"1004\" height=\"1024\" data-id=\"925\" src=\"https:\/\/uncannypolitics.org\/wp-content\/uploads\/2025\/03\/Screenshot_20250304_014859_com.instagram.android-1004x1024.jpg\" alt=\"\" class=\"wp-image-925\" srcset=\"https:\/\/uncannypolitics.org\/wp-content\/uploads\/2025\/03\/Screenshot_20250304_014859_com.instagram.android-1004x1024.jpg 1004w, https:\/\/uncannypolitics.org\/wp-content\/uploads\/2025\/03\/Screenshot_20250304_014859_com.instagram.android-294x300.jpg 294w, https:\/\/uncannypolitics.org\/wp-content\/uploads\/2025\/03\/Screenshot_20250304_014859_com.instagram.android-768x783.jpg 768w, https:\/\/uncannypolitics.org\/wp-content\/uploads\/2025\/03\/Screenshot_20250304_014859_com.instagram.android.jpg 1074w\" sizes=\"(max-width: 1004px) 100vw, 1004px\" \/><\/figure>\n<\/figure>\n\n\n\n<figure class=\"wp-block-image size-large\"><img decoding=\"async\" width=\"1018\" height=\"1024\" src=\"http:\/\/uncannypolitics.org\/wp-content\/uploads\/2025\/03\/Screenshot_20250304_015006_com.instagram.android-1018x1024.jpg\" alt=\"\" class=\"wp-image-929\" srcset=\"https:\/\/uncannypolitics.org\/wp-content\/uploads\/2025\/03\/Screenshot_20250304_015006_com.instagram.android-1018x1024.jpg 1018w, https:\/\/uncannypolitics.org\/wp-content\/uploads\/2025\/03\/Screenshot_20250304_015006_com.instagram.android-298x300.jpg 298w, https:\/\/uncannypolitics.org\/wp-content\/uploads\/2025\/03\/Screenshot_20250304_015006_com.instagram.android-150x150.jpg 150w, https:\/\/uncannypolitics.org\/wp-content\/uploads\/2025\/03\/Screenshot_20250304_015006_com.instagram.android-768x772.jpg 768w, https:\/\/uncannypolitics.org\/wp-content\/uploads\/2025\/03\/Screenshot_20250304_015006_com.instagram.android.jpg 1074w\" sizes=\"(max-width: 1018px) 100vw, 1018px\" \/><\/figure>\n\n\n\n<p>&#8220;Will it kebab ?&#8221; est une exp\u00e9rience artistique, scientifique, sociale et collective initi\u00e9e en 2023 \u00e0 l&#8217;Universit\u00e9 de Lille par l&#8217;artiste Hugo Kostrzewa. Elle consiste en la conception, la r\u00e9alisation et la distribution gratuite d&#8217;un sandwich type kebab \u00e0 la viande de mammouth simili-carn\u00e9e (d&#8217;origine v\u00e9g\u00e9tale).<\/p>\n\n\n\n<p>Ce sandwich \u00e0 base de pain au levain contient \u00e9galement une sauce piquante et des condiments ferment\u00e9s cr\u00e9\u00e9s pour l&#8217;occasion.<br>Le projet se fonde sur la rencontre avec diff\u00e9rents acteurs du territoire universitaire, s&#8217;appuyant sur la diversit\u00e9 humaine, la pluralit\u00e9 des expertises et des contextes, qu&#8217;il s&#8217;agisse de lieux culturels, d&#8217;action sociale ou d&#8217;enseignement. \u00c0 la convergence de l&#8217;anthropologie, de la pal\u00e9ozoologie, de la sociologie, du design culinaire, du marketing et de la solidarit\u00e9, &#8220;Will it kebab ?&#8221; se propose aussi d&#8217;inventer des moments d&#8217;\u00e9changes, de transmission de savoir-faire et d&#8217;attention.<\/p>\n\n\n\n<p>Hugo Kostrzewa a fait appel \u00e0 Adrien Ordonneau pour poursuivre &#8220;Will it kebab ?&#8221; \u00e0 Rennes, pour la compagnie 3615 lors des tomb\u00e9es de la nuit. Ce fut l&#8217;occasion pour les deux artistes d&#8217;hybrider leurs pratiques en proposant de nouveaux condiments futuristes, \u00e0 base de glanage mara\u00eechers et de fermentation sauvage de plantes pr\u00e9lev\u00e9es dans l&#8217;espace public. <\/p>\n","protected":false},"excerpt":{"rendered":"<p>2023 Collaboration avec Hugo Kostrzewa pour son projet en cours Will it kebab ? (exp\u00e9rience artistique, scientifique, sociale et collective) &#8220;Will it kebab ?&#8221; est une exp\u00e9rience artistique, scientifique, sociale et collective initi\u00e9e en 2023 \u00e0 l&#8217;Universit\u00e9 de Lille par l&#8217;artiste Hugo Kostrzewa. Elle consiste en la conception, la r\u00e9alisation et la distribution gratuite d&#8217;un [&hellip;]<\/p>\n","protected":false},"author":1,"featured_media":0,"parent":192,"menu_order":0,"comment_status":"closed","ping_status":"closed","template":"","meta":{"footnotes":""},"class_list":["post-455","page","type-page","status-publish"],"_links":{"self":[{"href":"https:\/\/uncannypolitics.org\/index.php\/wp-json\/wp\/v2\/pages\/455","targetHints":{"allow":["GET"]}}],"collection":[{"href":"https:\/\/uncannypolitics.org\/index.php\/wp-json\/wp\/v2\/pages"}],"about":[{"href":"https:\/\/uncannypolitics.org\/index.php\/wp-json\/wp\/v2\/types\/page"}],"author":[{"embeddable":true,"href":"https:\/\/uncannypolitics.org\/index.php\/wp-json\/wp\/v2\/users\/1"}],"replies":[{"embeddable":true,"href":"https:\/\/uncannypolitics.org\/index.php\/wp-json\/wp\/v2\/comments?post=455"}],"version-history":[{"count":3,"href":"https:\/\/uncannypolitics.org\/index.php\/wp-json\/wp\/v2\/pages\/455\/revisions"}],"predecessor-version":[{"id":931,"href":"https:\/\/uncannypolitics.org\/index.php\/wp-json\/wp\/v2\/pages\/455\/revisions\/931"}],"up":[{"embeddable":true,"href":"https:\/\/uncannypolitics.org\/index.php\/wp-json\/wp\/v2\/pages\/192"}],"wp:attachment":[{"href":"https:\/\/uncannypolitics.org\/index.php\/wp-json\/wp\/v2\/media?parent=455"}],"curies":[{"name":"wp","href":"https:\/\/api.w.org\/{rel}","templated":true}]}}