{"id":370,"date":"2025-02-27T20:41:44","date_gmt":"2025-02-27T19:41:44","guid":{"rendered":"https:\/\/uncannypolitics.org\/?page_id=370"},"modified":"2025-03-05T19:36:08","modified_gmt":"2025-03-05T18:36:08","slug":"coagulation_8","status":"publish","type":"page","link":"https:\/\/uncannypolitics.org\/index.php\/coagulation_8\/","title":{"rendered":"Coagulation_8"},"content":{"rendered":"\n<figure class=\"wp-block-embed alignfull is-type-video is-provider-youtube wp-block-embed-youtube wp-embed-aspect-16-9 wp-has-aspect-ratio\"><div class=\"wp-block-embed__wrapper\">\n<iframe loading=\"lazy\" title=\"Coagulation_8\" width=\"500\" height=\"281\" src=\"https:\/\/www.youtube.com\/embed\/KHsJHoU_1fk?feature=oembed\" frameborder=\"0\" allow=\"accelerometer; autoplay; clipboard-write; encrypted-media; gyroscope; picture-in-picture; web-share\" referrerpolicy=\"strict-origin-when-cross-origin\" allowfullscreen><\/iframe>\n<\/div><\/figure>\n\n\n\n<p><strong>2018<\/strong><\/p>\n\n\n\n<p>M\u00e9diums: <em>databending, <\/em>films <\/p>\n\n\n\n<figure class=\"wp-block-gallery has-nested-images columns-default is-cropped wp-block-gallery-1 is-layout-flex wp-block-gallery-is-layout-flex\">\n<figure class=\"wp-block-image size-large\"><img decoding=\"async\" width=\"1024\" height=\"579\" data-id=\"776\" src=\"https:\/\/uncannypolitics.org\/wp-content\/uploads\/2025\/03\/Coagulation_8_1-1024x579.png\" alt=\"\" class=\"wp-image-776\" srcset=\"https:\/\/uncannypolitics.org\/wp-content\/uploads\/2025\/03\/Coagulation_8_1-1024x579.png 1024w, https:\/\/uncannypolitics.org\/wp-content\/uploads\/2025\/03\/Coagulation_8_1-300x170.png 300w, https:\/\/uncannypolitics.org\/wp-content\/uploads\/2025\/03\/Coagulation_8_1-768x434.png 768w, https:\/\/uncannypolitics.org\/wp-content\/uploads\/2025\/03\/Coagulation_8_1-1536x869.png 1536w, https:\/\/uncannypolitics.org\/wp-content\/uploads\/2025\/03\/Coagulation_8_1.png 1680w\" sizes=\"(max-width: 1024px) 100vw, 1024px\" \/><\/figure>\n\n\n\n<figure class=\"wp-block-image size-large\"><img decoding=\"async\" width=\"1024\" height=\"563\" data-id=\"777\" src=\"https:\/\/uncannypolitics.org\/wp-content\/uploads\/2025\/03\/Coagulation_8_2-1024x563.png\" alt=\"\" class=\"wp-image-777\" srcset=\"https:\/\/uncannypolitics.org\/wp-content\/uploads\/2025\/03\/Coagulation_8_2-1024x563.png 1024w, https:\/\/uncannypolitics.org\/wp-content\/uploads\/2025\/03\/Coagulation_8_2-300x165.png 300w, https:\/\/uncannypolitics.org\/wp-content\/uploads\/2025\/03\/Coagulation_8_2-768x422.png 768w, https:\/\/uncannypolitics.org\/wp-content\/uploads\/2025\/03\/Coagulation_8_2-1536x845.png 1536w, https:\/\/uncannypolitics.org\/wp-content\/uploads\/2025\/03\/Coagulation_8_2.png 1680w\" sizes=\"(max-width: 1024px) 100vw, 1024px\" \/><\/figure>\n<\/figure>\n\n\n\n<figure class=\"wp-block-image size-full is-resized\"><img decoding=\"async\" width=\"800\" height=\"450\" src=\"http:\/\/uncannypolitics.org\/wp-content\/uploads\/2025\/03\/Coagulation8short-ezgif.com-video-to-gif-converter.gif\" alt=\"\" class=\"wp-image-778\" style=\"width:1086px;height:auto\"\/><\/figure>\n\n\n\n<p><em>Coagulation_8 <\/em> poursuit une r\u00e9flexion au prisme des flux de donn\u00e9es sur l&#8217;archive et le caract\u00e8re infini de la cr\u00e9ation. Le film est r\u00e9alis\u00e9 \u00e0 partir d&#8217;une r\u00e9trospective de 8 films d&#8217;animation pr\u00e9c\u00e9demment r\u00e9alis\u00e9s et \u00ab coagul\u00e9s \u00bb les uns aux autres par une pratique de <em>glitch<\/em> appel\u00e9e <em>databending.<\/em> Le bruit g\u00e9n\u00e9r\u00e9 par la destruction de donn\u00e9es ne rend plus visible ce qui \u00e9tait autrefois perceptible. On distingue cependant des formes famili\u00e8res au travers du chaos. L&#8217;ensemble sonde les interactions entre les plans d&#8217;immanence et de composition par l&#8217;utilisation de dynamiques cybern\u00e9tiques et capitalistes tels que les boucles r\u00e9cursives, la destruction en guise de cr\u00e9ation, et la hantise du pass\u00e9 sur le futur.<\/p>\n","protected":false},"excerpt":{"rendered":"<p>2018 M\u00e9diums: databending, films Coagulation_8 poursuit une r\u00e9flexion au prisme des flux de donn\u00e9es sur l&#8217;archive et le caract\u00e8re infini de la cr\u00e9ation. Le film est r\u00e9alis\u00e9 \u00e0 partir d&#8217;une r\u00e9trospective de 8 films d&#8217;animation pr\u00e9c\u00e9demment r\u00e9alis\u00e9s et \u00ab coagul\u00e9s \u00bb les uns aux autres par une pratique de glitch appel\u00e9e databending. Le bruit g\u00e9n\u00e9r\u00e9 [&hellip;]<\/p>\n","protected":false},"author":1,"featured_media":0,"parent":0,"menu_order":0,"comment_status":"closed","ping_status":"closed","template":"","meta":{"footnotes":""},"class_list":["post-370","page","type-page","status-publish"],"_links":{"self":[{"href":"https:\/\/uncannypolitics.org\/index.php\/wp-json\/wp\/v2\/pages\/370","targetHints":{"allow":["GET"]}}],"collection":[{"href":"https:\/\/uncannypolitics.org\/index.php\/wp-json\/wp\/v2\/pages"}],"about":[{"href":"https:\/\/uncannypolitics.org\/index.php\/wp-json\/wp\/v2\/types\/page"}],"author":[{"embeddable":true,"href":"https:\/\/uncannypolitics.org\/index.php\/wp-json\/wp\/v2\/users\/1"}],"replies":[{"embeddable":true,"href":"https:\/\/uncannypolitics.org\/index.php\/wp-json\/wp\/v2\/comments?post=370"}],"version-history":[{"count":4,"href":"https:\/\/uncannypolitics.org\/index.php\/wp-json\/wp\/v2\/pages\/370\/revisions"}],"predecessor-version":[{"id":880,"href":"https:\/\/uncannypolitics.org\/index.php\/wp-json\/wp\/v2\/pages\/370\/revisions\/880"}],"wp:attachment":[{"href":"https:\/\/uncannypolitics.org\/index.php\/wp-json\/wp\/v2\/media?parent=370"}],"curies":[{"name":"wp","href":"https:\/\/api.w.org\/{rel}","templated":true}]}}