{"id":346,"date":"2025-02-26T17:44:20","date_gmt":"2025-02-26T16:44:20","guid":{"rendered":"https:\/\/uncannypolitics.org\/?page_id=346"},"modified":"2025-03-03T21:11:18","modified_gmt":"2025-03-03T20:11:18","slug":"somatom_1513773","status":"publish","type":"page","link":"https:\/\/uncannypolitics.org\/index.php\/creations\/animation\/somatom_1513773\/","title":{"rendered":"SOMATOM_1513773"},"content":{"rendered":"\n<figure class=\"wp-block-embed is-type-video is-provider-youtube wp-block-embed-youtube wp-embed-aspect-16-9 wp-has-aspect-ratio\"><div class=\"wp-block-embed__wrapper\">\n<iframe loading=\"lazy\" title=\"SOMMATOM_1513773  [ work in progress ]\" width=\"500\" height=\"281\" src=\"https:\/\/www.youtube.com\/embed\/ZEJtkTIwG5M?feature=oembed\" frameborder=\"0\" allow=\"accelerometer; autoplay; clipboard-write; encrypted-media; gyroscope; picture-in-picture; web-share\" referrerpolicy=\"strict-origin-when-cross-origin\" allowfullscreen><\/iframe>\n<\/div><\/figure>\n\n\n\n<p><strong>2017<\/strong><\/p>\n\n\n\n<p>M\u00e9diums: scanner IRM, programme de traitement d&#8217;images<\/p>\n\n\n\n<figure class=\"wp-block-gallery has-nested-images columns-default is-cropped wp-block-gallery-1 is-layout-flex wp-block-gallery-is-layout-flex\">\n<figure class=\"wp-block-image size-large\"><img decoding=\"async\" width=\"1024\" height=\"631\" data-id=\"763\" src=\"https:\/\/uncannypolitics.org\/wp-content\/uploads\/2025\/03\/SOMATOM-1513773-illustration-1024x631.png\" alt=\"\" class=\"wp-image-763\" srcset=\"https:\/\/uncannypolitics.org\/wp-content\/uploads\/2025\/03\/SOMATOM-1513773-illustration-1024x631.png 1024w, https:\/\/uncannypolitics.org\/wp-content\/uploads\/2025\/03\/SOMATOM-1513773-illustration-300x185.png 300w, https:\/\/uncannypolitics.org\/wp-content\/uploads\/2025\/03\/SOMATOM-1513773-illustration-768x473.png 768w, https:\/\/uncannypolitics.org\/wp-content\/uploads\/2025\/03\/SOMATOM-1513773-illustration.png 1100w\" sizes=\"(max-width: 1024px) 100vw, 1024px\" \/><\/figure>\n\n\n\n<figure class=\"wp-block-image size-large\"><img decoding=\"async\" width=\"1024\" height=\"573\" data-id=\"761\" src=\"https:\/\/uncannypolitics.org\/wp-content\/uploads\/2025\/03\/SOMATOM1-1024x573.png\" alt=\"\" class=\"wp-image-761\" srcset=\"https:\/\/uncannypolitics.org\/wp-content\/uploads\/2025\/03\/SOMATOM1-1024x573.png 1024w, https:\/\/uncannypolitics.org\/wp-content\/uploads\/2025\/03\/SOMATOM1-300x168.png 300w, https:\/\/uncannypolitics.org\/wp-content\/uploads\/2025\/03\/SOMATOM1-768x430.png 768w, https:\/\/uncannypolitics.org\/wp-content\/uploads\/2025\/03\/SOMATOM1.png 1362w\" sizes=\"(max-width: 1024px) 100vw, 1024px\" \/><\/figure>\n<\/figure>\n\n\n\n<figure class=\"wp-block-image size-large is-resized\"><img decoding=\"async\" width=\"1024\" height=\"573\" src=\"http:\/\/uncannypolitics.org\/wp-content\/uploads\/2025\/03\/SOMATOM2-1024x573.png\" alt=\"\" class=\"wp-image-762\" style=\"width:1231px;height:auto\" srcset=\"https:\/\/uncannypolitics.org\/wp-content\/uploads\/2025\/03\/SOMATOM2-1024x573.png 1024w, https:\/\/uncannypolitics.org\/wp-content\/uploads\/2025\/03\/SOMATOM2-300x168.png 300w, https:\/\/uncannypolitics.org\/wp-content\/uploads\/2025\/03\/SOMATOM2-768x430.png 768w, https:\/\/uncannypolitics.org\/wp-content\/uploads\/2025\/03\/SOMATOM2.png 1362w\" sizes=\"(max-width: 1024px) 100vw, 1024px\" \/><\/figure>\n\n\n\n<figure class=\"wp-block-gallery has-nested-images columns-default is-cropped wp-block-gallery-2 is-layout-flex wp-block-gallery-is-layout-flex\">\n<figure class=\"wp-block-image size-large\"><img decoding=\"async\" width=\"1024\" height=\"576\" data-id=\"768\" src=\"https:\/\/uncannypolitics.org\/wp-content\/uploads\/2025\/03\/Screenshot-from-2025-03-03-20-58-08-1024x576.png\" alt=\"\" class=\"wp-image-768\" srcset=\"https:\/\/uncannypolitics.org\/wp-content\/uploads\/2025\/03\/Screenshot-from-2025-03-03-20-58-08-1024x576.png 1024w, https:\/\/uncannypolitics.org\/wp-content\/uploads\/2025\/03\/Screenshot-from-2025-03-03-20-58-08-300x169.png 300w, https:\/\/uncannypolitics.org\/wp-content\/uploads\/2025\/03\/Screenshot-from-2025-03-03-20-58-08-768x432.png 768w, https:\/\/uncannypolitics.org\/wp-content\/uploads\/2025\/03\/Screenshot-from-2025-03-03-20-58-08-1536x864.png 1536w, https:\/\/uncannypolitics.org\/wp-content\/uploads\/2025\/03\/Screenshot-from-2025-03-03-20-58-08.png 1920w\" sizes=\"(max-width: 1024px) 100vw, 1024px\" \/><\/figure>\n\n\n\n<figure class=\"wp-block-image size-large\"><img decoding=\"async\" width=\"1024\" height=\"576\" data-id=\"769\" src=\"https:\/\/uncannypolitics.org\/wp-content\/uploads\/2025\/03\/Screenshot-from-2025-03-03-20-58-51-1024x576.png\" alt=\"\" class=\"wp-image-769\" srcset=\"https:\/\/uncannypolitics.org\/wp-content\/uploads\/2025\/03\/Screenshot-from-2025-03-03-20-58-51-1024x576.png 1024w, https:\/\/uncannypolitics.org\/wp-content\/uploads\/2025\/03\/Screenshot-from-2025-03-03-20-58-51-300x169.png 300w, https:\/\/uncannypolitics.org\/wp-content\/uploads\/2025\/03\/Screenshot-from-2025-03-03-20-58-51-768x432.png 768w, https:\/\/uncannypolitics.org\/wp-content\/uploads\/2025\/03\/Screenshot-from-2025-03-03-20-58-51-1536x864.png 1536w, https:\/\/uncannypolitics.org\/wp-content\/uploads\/2025\/03\/Screenshot-from-2025-03-03-20-58-51.png 1920w\" sizes=\"(max-width: 1024px) 100vw, 1024px\" \/><\/figure>\n<\/figure>\n\n\n\n<p><\/p>\n\n\n\n<figure class=\"wp-block-image size-large is-resized\"><img decoding=\"async\" width=\"1024\" height=\"631\" src=\"http:\/\/uncannypolitics.org\/wp-content\/uploads\/2025\/03\/TQ20-1024x631.gif\" alt=\"\" class=\"wp-image-764\" style=\"width:1230px;height:auto\" srcset=\"https:\/\/uncannypolitics.org\/wp-content\/uploads\/2025\/03\/TQ20-1024x631.gif 1024w, https:\/\/uncannypolitics.org\/wp-content\/uploads\/2025\/03\/TQ20-300x185.gif 300w, https:\/\/uncannypolitics.org\/wp-content\/uploads\/2025\/03\/TQ20-768x473.gif 768w\" sizes=\"(max-width: 1024px) 100vw, 1024px\" \/><\/figure>\n\n\n\n<p>SOMATOM_1513773 poursuit les recherches entam\u00e9es dans mGy.cm2 63%, sur la confrontation du corps et de l&#8217;identit\u00e9 \u00e0 l&#8217;imagerie m\u00e9dicale. Soumis \u00e0 un scanner IRM, l&#8217;artiste a r\u00e9alis\u00e9 un auto-portrait audiovisuel depuis le point de vue du scanner. Le titre de l&#8217;\u0153uvre est en effet le nom d&#8217;un mod\u00e8le de scanner vendu par l&#8217;entreprise Siemens. \u00c0 travers ce travail, les donn\u00e9es m\u00e9dicales de l&#8217;artiste fusionnent avec l&#8217;identit\u00e9 d&#8217;une entreprise priv\u00e9e. La r\u00e9ification du corps est questionn\u00e9e dans ce renversement entre sujet et objet, intime et public, int\u00e9rieur et ext\u00e9rieur.   <\/p>\n","protected":false},"excerpt":{"rendered":"<p>2017 M\u00e9diums: scanner IRM, programme de traitement d&#8217;images SOMATOM_1513773 poursuit les recherches entam\u00e9es dans mGy.cm2 63%, sur la confrontation du corps et de l&#8217;identit\u00e9 \u00e0 l&#8217;imagerie m\u00e9dicale. Soumis \u00e0 un scanner IRM, l&#8217;artiste a r\u00e9alis\u00e9 un auto-portrait audiovisuel depuis le point de vue du scanner. Le titre de l&#8217;\u0153uvre est en effet le nom d&#8217;un [&hellip;]<\/p>\n","protected":false},"author":1,"featured_media":0,"parent":187,"menu_order":0,"comment_status":"closed","ping_status":"closed","template":"","meta":{"footnotes":""},"class_list":["post-346","page","type-page","status-publish"],"_links":{"self":[{"href":"https:\/\/uncannypolitics.org\/index.php\/wp-json\/wp\/v2\/pages\/346","targetHints":{"allow":["GET"]}}],"collection":[{"href":"https:\/\/uncannypolitics.org\/index.php\/wp-json\/wp\/v2\/pages"}],"about":[{"href":"https:\/\/uncannypolitics.org\/index.php\/wp-json\/wp\/v2\/types\/page"}],"author":[{"embeddable":true,"href":"https:\/\/uncannypolitics.org\/index.php\/wp-json\/wp\/v2\/users\/1"}],"replies":[{"embeddable":true,"href":"https:\/\/uncannypolitics.org\/index.php\/wp-json\/wp\/v2\/comments?post=346"}],"version-history":[{"count":9,"href":"https:\/\/uncannypolitics.org\/index.php\/wp-json\/wp\/v2\/pages\/346\/revisions"}],"predecessor-version":[{"id":775,"href":"https:\/\/uncannypolitics.org\/index.php\/wp-json\/wp\/v2\/pages\/346\/revisions\/775"}],"up":[{"embeddable":true,"href":"https:\/\/uncannypolitics.org\/index.php\/wp-json\/wp\/v2\/pages\/187"}],"wp:attachment":[{"href":"https:\/\/uncannypolitics.org\/index.php\/wp-json\/wp\/v2\/media?parent=346"}],"curies":[{"name":"wp","href":"https:\/\/api.w.org\/{rel}","templated":true}]}}