{"id":338,"date":"2025-02-26T17:42:51","date_gmt":"2025-02-26T16:42:51","guid":{"rendered":"https:\/\/uncannypolitics.org\/?page_id=338"},"modified":"2025-03-03T18:06:53","modified_gmt":"2025-03-03T17:06:53","slug":"teaser-loulou-ep-ruby-my-dear","status":"publish","type":"page","link":"https:\/\/uncannypolitics.org\/index.php\/teaser-loulou-ep-ruby-my-dear\/","title":{"rendered":"Brame Teaser"},"content":{"rendered":"\n<figure class=\"wp-block-embed is-type-video is-provider-youtube wp-block-embed-youtube wp-embed-aspect-16-9 wp-has-aspect-ratio\"><div class=\"wp-block-embed__wrapper\">\n<iframe loading=\"lazy\" title=\"Brame Teaser\" width=\"500\" height=\"281\" src=\"https:\/\/www.youtube.com\/embed\/KQcwlh-wcwg?feature=oembed\" frameborder=\"0\" allow=\"accelerometer; autoplay; clipboard-write; encrypted-media; gyroscope; picture-in-picture; web-share\" referrerpolicy=\"strict-origin-when-cross-origin\" allowfullscreen><\/iframe>\n<\/div><\/figure>\n\n\n\n<p><strong>2017<\/strong><\/p>\n\n\n\n<p>Commande du musicien Ruby My Dear et du label PRSPCT Recordings<\/p>\n\n\n\n<p>M\u00e9diums : papier, crayon, programme de traitement d&#8217;images<\/p>\n\n\n\n<figure class=\"wp-block-gallery has-nested-images columns-default is-cropped wp-block-gallery-1 is-layout-flex wp-block-gallery-is-layout-flex\">\n<figure class=\"wp-block-image size-large\"><img decoding=\"async\" width=\"1024\" height=\"505\" data-id=\"641\" src=\"https:\/\/uncannypolitics.org\/wp-content\/uploads\/2025\/03\/Screenshot-from-2025-03-03-16-35-17-1024x505.png\" alt=\"\" class=\"wp-image-641\" srcset=\"https:\/\/uncannypolitics.org\/wp-content\/uploads\/2025\/03\/Screenshot-from-2025-03-03-16-35-17-1024x505.png 1024w, https:\/\/uncannypolitics.org\/wp-content\/uploads\/2025\/03\/Screenshot-from-2025-03-03-16-35-17-300x148.png 300w, https:\/\/uncannypolitics.org\/wp-content\/uploads\/2025\/03\/Screenshot-from-2025-03-03-16-35-17-768x379.png 768w, https:\/\/uncannypolitics.org\/wp-content\/uploads\/2025\/03\/Screenshot-from-2025-03-03-16-35-17-1536x758.png 1536w, https:\/\/uncannypolitics.org\/wp-content\/uploads\/2025\/03\/Screenshot-from-2025-03-03-16-35-17.png 1916w\" sizes=\"(max-width: 1024px) 100vw, 1024px\" \/><\/figure>\n\n\n\n<figure class=\"wp-block-image size-large\"><img decoding=\"async\" width=\"1024\" height=\"507\" data-id=\"638\" src=\"https:\/\/uncannypolitics.org\/wp-content\/uploads\/2025\/03\/Screenshot-from-2025-03-03-16-34-23-1024x507.png\" alt=\"\" class=\"wp-image-638\" srcset=\"https:\/\/uncannypolitics.org\/wp-content\/uploads\/2025\/03\/Screenshot-from-2025-03-03-16-34-23-1024x507.png 1024w, https:\/\/uncannypolitics.org\/wp-content\/uploads\/2025\/03\/Screenshot-from-2025-03-03-16-34-23-300x149.png 300w, https:\/\/uncannypolitics.org\/wp-content\/uploads\/2025\/03\/Screenshot-from-2025-03-03-16-34-23-768x381.png 768w, https:\/\/uncannypolitics.org\/wp-content\/uploads\/2025\/03\/Screenshot-from-2025-03-03-16-34-23-1536x761.png 1536w, https:\/\/uncannypolitics.org\/wp-content\/uploads\/2025\/03\/Screenshot-from-2025-03-03-16-34-23.png 1919w\" sizes=\"(max-width: 1024px) 100vw, 1024px\" \/><\/figure>\n\n\n\n<figure class=\"wp-block-image size-large\"><img decoding=\"async\" width=\"1024\" height=\"509\" data-id=\"637\" src=\"https:\/\/uncannypolitics.org\/wp-content\/uploads\/2025\/03\/Screenshot-from-2025-03-03-16-34-15-1024x509.png\" alt=\"\" class=\"wp-image-637\" srcset=\"https:\/\/uncannypolitics.org\/wp-content\/uploads\/2025\/03\/Screenshot-from-2025-03-03-16-34-15-1024x509.png 1024w, https:\/\/uncannypolitics.org\/wp-content\/uploads\/2025\/03\/Screenshot-from-2025-03-03-16-34-15-300x149.png 300w, https:\/\/uncannypolitics.org\/wp-content\/uploads\/2025\/03\/Screenshot-from-2025-03-03-16-34-15-768x382.png 768w, https:\/\/uncannypolitics.org\/wp-content\/uploads\/2025\/03\/Screenshot-from-2025-03-03-16-34-15-1536x764.png 1536w, https:\/\/uncannypolitics.org\/wp-content\/uploads\/2025\/03\/Screenshot-from-2025-03-03-16-34-15.png 1919w\" sizes=\"(max-width: 1024px) 100vw, 1024px\" \/><\/figure>\n<\/figure>\n\n\n\n<figure class=\"wp-block-gallery has-nested-images columns-default is-cropped wp-block-gallery-2 is-layout-flex wp-block-gallery-is-layout-flex\">\n<figure class=\"wp-block-image size-large\"><img decoding=\"async\" width=\"1024\" height=\"507\" data-id=\"639\" src=\"https:\/\/uncannypolitics.org\/wp-content\/uploads\/2025\/03\/Screenshot-from-2025-03-03-16-34-32-1024x507.png\" alt=\"\" class=\"wp-image-639\" srcset=\"https:\/\/uncannypolitics.org\/wp-content\/uploads\/2025\/03\/Screenshot-from-2025-03-03-16-34-32-1024x507.png 1024w, https:\/\/uncannypolitics.org\/wp-content\/uploads\/2025\/03\/Screenshot-from-2025-03-03-16-34-32-300x149.png 300w, https:\/\/uncannypolitics.org\/wp-content\/uploads\/2025\/03\/Screenshot-from-2025-03-03-16-34-32-768x380.png 768w, https:\/\/uncannypolitics.org\/wp-content\/uploads\/2025\/03\/Screenshot-from-2025-03-03-16-34-32-1536x760.png 1536w, https:\/\/uncannypolitics.org\/wp-content\/uploads\/2025\/03\/Screenshot-from-2025-03-03-16-34-32.png 1919w\" sizes=\"(max-width: 1024px) 100vw, 1024px\" \/><\/figure>\n\n\n\n<figure class=\"wp-block-image size-large\"><img decoding=\"async\" width=\"1024\" height=\"510\" data-id=\"640\" src=\"https:\/\/uncannypolitics.org\/wp-content\/uploads\/2025\/03\/Screenshot-from-2025-03-03-16-35-02-1024x510.png\" alt=\"\" class=\"wp-image-640\" srcset=\"https:\/\/uncannypolitics.org\/wp-content\/uploads\/2025\/03\/Screenshot-from-2025-03-03-16-35-02-1024x510.png 1024w, https:\/\/uncannypolitics.org\/wp-content\/uploads\/2025\/03\/Screenshot-from-2025-03-03-16-35-02-300x149.png 300w, https:\/\/uncannypolitics.org\/wp-content\/uploads\/2025\/03\/Screenshot-from-2025-03-03-16-35-02-768x382.png 768w, https:\/\/uncannypolitics.org\/wp-content\/uploads\/2025\/03\/Screenshot-from-2025-03-03-16-35-02-1536x764.png 1536w, https:\/\/uncannypolitics.org\/wp-content\/uploads\/2025\/03\/Screenshot-from-2025-03-03-16-35-02.png 1917w\" sizes=\"(max-width: 1024px) 100vw, 1024px\" \/><\/figure>\n<\/figure>\n\n\n\n<figure class=\"wp-block-gallery has-nested-images columns-default is-cropped wp-block-gallery-3 is-layout-flex wp-block-gallery-is-layout-flex\">\n<figure class=\"wp-block-image size-large\"><img decoding=\"async\" width=\"1024\" height=\"506\" data-id=\"642\" src=\"https:\/\/uncannypolitics.org\/wp-content\/uploads\/2025\/03\/Screenshot-from-2025-03-03-16-35-24-1024x506.png\" alt=\"\" class=\"wp-image-642\" srcset=\"https:\/\/uncannypolitics.org\/wp-content\/uploads\/2025\/03\/Screenshot-from-2025-03-03-16-35-24-1024x506.png 1024w, https:\/\/uncannypolitics.org\/wp-content\/uploads\/2025\/03\/Screenshot-from-2025-03-03-16-35-24-300x148.png 300w, https:\/\/uncannypolitics.org\/wp-content\/uploads\/2025\/03\/Screenshot-from-2025-03-03-16-35-24-768x379.png 768w, https:\/\/uncannypolitics.org\/wp-content\/uploads\/2025\/03\/Screenshot-from-2025-03-03-16-35-24-1536x759.png 1536w, https:\/\/uncannypolitics.org\/wp-content\/uploads\/2025\/03\/Screenshot-from-2025-03-03-16-35-24.png 1917w\" sizes=\"(max-width: 1024px) 100vw, 1024px\" \/><\/figure>\n\n\n\n<figure class=\"wp-block-image size-large\"><img decoding=\"async\" width=\"1024\" height=\"509\" data-id=\"644\" src=\"https:\/\/uncannypolitics.org\/wp-content\/uploads\/2025\/03\/Screenshot-from-2025-03-03-16-35-47-1024x509.png\" alt=\"\" class=\"wp-image-644\" srcset=\"https:\/\/uncannypolitics.org\/wp-content\/uploads\/2025\/03\/Screenshot-from-2025-03-03-16-35-47-1024x509.png 1024w, https:\/\/uncannypolitics.org\/wp-content\/uploads\/2025\/03\/Screenshot-from-2025-03-03-16-35-47-300x149.png 300w, https:\/\/uncannypolitics.org\/wp-content\/uploads\/2025\/03\/Screenshot-from-2025-03-03-16-35-47-768x382.png 768w, https:\/\/uncannypolitics.org\/wp-content\/uploads\/2025\/03\/Screenshot-from-2025-03-03-16-35-47-1536x764.png 1536w, https:\/\/uncannypolitics.org\/wp-content\/uploads\/2025\/03\/Screenshot-from-2025-03-03-16-35-47.png 1919w\" sizes=\"(max-width: 1024px) 100vw, 1024px\" \/><\/figure>\n<\/figure>\n\n\n\n<div class=\"wp-block-media-text is-stacked-on-mobile\" style=\"grid-template-columns:71% auto\"><figure class=\"wp-block-media-text__media\"><img decoding=\"async\" width=\"1024\" height=\"524\" src=\"http:\/\/uncannypolitics.org\/wp-content\/uploads\/2025\/03\/Screenshot-from-2025-03-03-16-34-04-1024x524.png\" alt=\"\" class=\"wp-image-636 size-full\" srcset=\"https:\/\/uncannypolitics.org\/wp-content\/uploads\/2025\/03\/Screenshot-from-2025-03-03-16-34-04-1024x524.png 1024w, https:\/\/uncannypolitics.org\/wp-content\/uploads\/2025\/03\/Screenshot-from-2025-03-03-16-34-04-300x154.png 300w, https:\/\/uncannypolitics.org\/wp-content\/uploads\/2025\/03\/Screenshot-from-2025-03-03-16-34-04-768x393.png 768w, https:\/\/uncannypolitics.org\/wp-content\/uploads\/2025\/03\/Screenshot-from-2025-03-03-16-34-04-1536x786.png 1536w, https:\/\/uncannypolitics.org\/wp-content\/uploads\/2025\/03\/Screenshot-from-2025-03-03-16-34-04.png 1919w\" sizes=\"(max-width: 1024px) 100vw, 1024px\" \/><\/figure><div class=\"wp-block-media-text__content\">\n<p><\/p>\n<\/div><\/div>\n\n\n\n<div class=\"wp-block-media-text is-stacked-on-mobile\" style=\"grid-template-columns:71% auto\"><figure class=\"wp-block-media-text__media\"><img decoding=\"async\" width=\"1024\" height=\"507\" src=\"http:\/\/uncannypolitics.org\/wp-content\/uploads\/2025\/03\/Screenshot-from-2025-03-03-16-35-41-1024x507.png\" alt=\"\" class=\"wp-image-643 size-full\" srcset=\"https:\/\/uncannypolitics.org\/wp-content\/uploads\/2025\/03\/Screenshot-from-2025-03-03-16-35-41-1024x507.png 1024w, https:\/\/uncannypolitics.org\/wp-content\/uploads\/2025\/03\/Screenshot-from-2025-03-03-16-35-41-300x149.png 300w, https:\/\/uncannypolitics.org\/wp-content\/uploads\/2025\/03\/Screenshot-from-2025-03-03-16-35-41-768x381.png 768w, https:\/\/uncannypolitics.org\/wp-content\/uploads\/2025\/03\/Screenshot-from-2025-03-03-16-35-41-1536x761.png 1536w, https:\/\/uncannypolitics.org\/wp-content\/uploads\/2025\/03\/Screenshot-from-2025-03-03-16-35-41.png 1919w\" sizes=\"(max-width: 1024px) 100vw, 1024px\" \/><\/figure><div class=\"wp-block-media-text__content\">\n<p><\/p>\n<\/div><\/div>\n\n\n\n<p>\u0152uvre command\u00e9e par le musicien Ruby My Dear pour le teaser de son album <em>Brame<\/em>. Le film est produit \u00e0 partir du son fourni par l&#8217;artiste et poursuit les enjeux de recherches d\u00e9j\u00e0 entam\u00e9s sur les interactions entre image, son, corps humain et technologie, sous l&#8217;impulsion des musiques \u00e9lectroniques.<\/p>\n\n\n\n<p><\/p>\n","protected":false},"excerpt":{"rendered":"<p>2017 Commande du musicien Ruby My Dear et du label PRSPCT Recordings M\u00e9diums : papier, crayon, programme de traitement d&#8217;images \u0152uvre command\u00e9e par le musicien Ruby My Dear pour le teaser de son album Brame. Le film est produit \u00e0 partir du son fourni par l&#8217;artiste et poursuit les enjeux de recherches d\u00e9j\u00e0 entam\u00e9s sur [&hellip;]<\/p>\n","protected":false},"author":1,"featured_media":0,"parent":0,"menu_order":0,"comment_status":"closed","ping_status":"closed","template":"","meta":{"footnotes":""},"class_list":["post-338","page","type-page","status-publish"],"_links":{"self":[{"href":"https:\/\/uncannypolitics.org\/index.php\/wp-json\/wp\/v2\/pages\/338","targetHints":{"allow":["GET"]}}],"collection":[{"href":"https:\/\/uncannypolitics.org\/index.php\/wp-json\/wp\/v2\/pages"}],"about":[{"href":"https:\/\/uncannypolitics.org\/index.php\/wp-json\/wp\/v2\/types\/page"}],"author":[{"embeddable":true,"href":"https:\/\/uncannypolitics.org\/index.php\/wp-json\/wp\/v2\/users\/1"}],"replies":[{"embeddable":true,"href":"https:\/\/uncannypolitics.org\/index.php\/wp-json\/wp\/v2\/comments?post=338"}],"version-history":[{"count":15,"href":"https:\/\/uncannypolitics.org\/index.php\/wp-json\/wp\/v2\/pages\/338\/revisions"}],"predecessor-version":[{"id":693,"href":"https:\/\/uncannypolitics.org\/index.php\/wp-json\/wp\/v2\/pages\/338\/revisions\/693"}],"wp:attachment":[{"href":"https:\/\/uncannypolitics.org\/index.php\/wp-json\/wp\/v2\/media?parent=338"}],"curies":[{"name":"wp","href":"https:\/\/api.w.org\/{rel}","templated":true}]}}