{"id":334,"date":"2025-02-26T17:42:27","date_gmt":"2025-02-26T16:42:27","guid":{"rendered":"https:\/\/uncannypolitics.org\/?page_id=334"},"modified":"2025-03-03T19:04:02","modified_gmt":"2025-03-03T18:04:02","slug":"regression","status":"publish","type":"page","link":"https:\/\/uncannypolitics.org\/index.php\/regression\/","title":{"rendered":"Regression"},"content":{"rendered":"\n<figure class=\"wp-block-embed is-type-video is-provider-youtube wp-block-embed-youtube wp-embed-aspect-16-9 wp-has-aspect-ratio\"><div class=\"wp-block-embed__wrapper\">\n<iframe loading=\"lazy\" title=\"R\u00e9gression\" width=\"500\" height=\"281\" src=\"https:\/\/www.youtube.com\/embed\/6h4qvwRVEL0?feature=oembed\" frameborder=\"0\" allow=\"accelerometer; autoplay; clipboard-write; encrypted-media; gyroscope; picture-in-picture; web-share\" referrerpolicy=\"strict-origin-when-cross-origin\" allowfullscreen><\/iframe>\n<\/div><\/figure>\n\n\n\n<p><strong>2016<\/strong><\/p>\n\n\n\n<p>M\u00e9diums : stylo, papier, programme de traitement d&#8217;images<\/p>\n\n\n\n<figure class=\"wp-block-gallery has-nested-images columns-default is-cropped wp-block-gallery-1 is-layout-flex wp-block-gallery-is-layout-flex\">\n<figure class=\"wp-block-image size-large\"><img decoding=\"async\" width=\"1024\" height=\"724\" data-id=\"619\" src=\"https:\/\/uncannypolitics.org\/wp-content\/uploads\/2025\/03\/xab-1024x724.jpg\" alt=\"\" class=\"wp-image-619\" srcset=\"https:\/\/uncannypolitics.org\/wp-content\/uploads\/2025\/03\/xab-1024x724.jpg 1024w, https:\/\/uncannypolitics.org\/wp-content\/uploads\/2025\/03\/xab-300x212.jpg 300w, https:\/\/uncannypolitics.org\/wp-content\/uploads\/2025\/03\/xab-768x543.jpg 768w\" sizes=\"(max-width: 1024px) 100vw, 1024px\" \/><\/figure>\n\n\n\n<figure class=\"wp-block-image size-large\"><img decoding=\"async\" width=\"1024\" height=\"724\" data-id=\"620\" src=\"https:\/\/uncannypolitics.org\/wp-content\/uploads\/2025\/03\/xag-1024x724.jpg\" alt=\"\" class=\"wp-image-620\" srcset=\"https:\/\/uncannypolitics.org\/wp-content\/uploads\/2025\/03\/xag-1024x724.jpg 1024w, https:\/\/uncannypolitics.org\/wp-content\/uploads\/2025\/03\/xag-300x212.jpg 300w, https:\/\/uncannypolitics.org\/wp-content\/uploads\/2025\/03\/xag-768x543.jpg 768w\" sizes=\"(max-width: 1024px) 100vw, 1024px\" \/><\/figure>\n\n\n\n<figure class=\"wp-block-image size-large\"><img decoding=\"async\" width=\"1024\" height=\"724\" data-id=\"621\" src=\"https:\/\/uncannypolitics.org\/wp-content\/uploads\/2025\/03\/xl-1024x724.jpg\" alt=\"\" class=\"wp-image-621\" srcset=\"https:\/\/uncannypolitics.org\/wp-content\/uploads\/2025\/03\/xl-1024x724.jpg 1024w, https:\/\/uncannypolitics.org\/wp-content\/uploads\/2025\/03\/xl-300x212.jpg 300w, https:\/\/uncannypolitics.org\/wp-content\/uploads\/2025\/03\/xl-768x543.jpg 768w\" sizes=\"(max-width: 1024px) 100vw, 1024px\" \/><\/figure>\n<\/figure>\n\n\n\n<figure class=\"wp-block-gallery has-nested-images columns-default is-cropped wp-block-gallery-2 is-layout-flex wp-block-gallery-is-layout-flex\">\n<figure class=\"wp-block-image size-large\"><img decoding=\"async\" width=\"1024\" height=\"724\" data-id=\"617\" src=\"https:\/\/uncannypolitics.org\/wp-content\/uploads\/2025\/03\/H1-1024x724.jpg\" alt=\"\" class=\"wp-image-617\" srcset=\"https:\/\/uncannypolitics.org\/wp-content\/uploads\/2025\/03\/H1-1024x724.jpg 1024w, https:\/\/uncannypolitics.org\/wp-content\/uploads\/2025\/03\/H1-300x212.jpg 300w, https:\/\/uncannypolitics.org\/wp-content\/uploads\/2025\/03\/H1-768x543.jpg 768w\" sizes=\"(max-width: 1024px) 100vw, 1024px\" \/><\/figure>\n\n\n\n<figure class=\"wp-block-image size-large\"><img decoding=\"async\" width=\"1024\" height=\"724\" data-id=\"618\" src=\"https:\/\/uncannypolitics.org\/wp-content\/uploads\/2025\/03\/Haj-1024x724.jpg\" alt=\"\" class=\"wp-image-618\" srcset=\"https:\/\/uncannypolitics.org\/wp-content\/uploads\/2025\/03\/Haj-1024x724.jpg 1024w, https:\/\/uncannypolitics.org\/wp-content\/uploads\/2025\/03\/Haj-300x212.jpg 300w, https:\/\/uncannypolitics.org\/wp-content\/uploads\/2025\/03\/Haj-768x543.jpg 768w\" sizes=\"(max-width: 1024px) 100vw, 1024px\" \/><\/figure>\n<\/figure>\n\n\n\n<figure class=\"wp-block-gallery has-nested-images columns-default is-cropped wp-block-gallery-3 is-layout-flex wp-block-gallery-is-layout-flex\">\n<figure class=\"wp-block-image size-large\"><img decoding=\"async\" width=\"1024\" height=\"724\" data-id=\"614\" src=\"https:\/\/uncannypolitics.org\/wp-content\/uploads\/2025\/03\/Hk-1024x724.jpg\" alt=\"\" class=\"wp-image-614\" srcset=\"https:\/\/uncannypolitics.org\/wp-content\/uploads\/2025\/03\/Hk-1024x724.jpg 1024w, https:\/\/uncannypolitics.org\/wp-content\/uploads\/2025\/03\/Hk-300x212.jpg 300w, https:\/\/uncannypolitics.org\/wp-content\/uploads\/2025\/03\/Hk-768x543.jpg 768w\" sizes=\"(max-width: 1024px) 100vw, 1024px\" \/><\/figure>\n\n\n\n<figure class=\"wp-block-image size-large\"><img decoding=\"async\" width=\"1024\" height=\"724\" data-id=\"615\" src=\"https:\/\/uncannypolitics.org\/wp-content\/uploads\/2025\/03\/Hz6-1024x724.jpg\" alt=\"\" class=\"wp-image-615\" srcset=\"https:\/\/uncannypolitics.org\/wp-content\/uploads\/2025\/03\/Hz6-1024x724.jpg 1024w, https:\/\/uncannypolitics.org\/wp-content\/uploads\/2025\/03\/Hz6-300x212.jpg 300w, https:\/\/uncannypolitics.org\/wp-content\/uploads\/2025\/03\/Hz6-768x543.jpg 768w\" sizes=\"(max-width: 1024px) 100vw, 1024px\" \/><\/figure>\n\n\n\n<figure class=\"wp-block-image size-large\"><img decoding=\"async\" width=\"1024\" height=\"724\" data-id=\"616\" src=\"https:\/\/uncannypolitics.org\/wp-content\/uploads\/2025\/03\/Had-1024x724.jpg\" alt=\"\" class=\"wp-image-616\" srcset=\"https:\/\/uncannypolitics.org\/wp-content\/uploads\/2025\/03\/Had-1024x724.jpg 1024w, https:\/\/uncannypolitics.org\/wp-content\/uploads\/2025\/03\/Had-300x212.jpg 300w, https:\/\/uncannypolitics.org\/wp-content\/uploads\/2025\/03\/Had-768x543.jpg 768w\" sizes=\"(max-width: 1024px) 100vw, 1024px\" \/><\/figure>\n<\/figure>\n\n\n\n<figure class=\"wp-block-image size-large is-resized\"><img decoding=\"async\" width=\"1024\" height=\"724\" src=\"http:\/\/uncannypolitics.org\/wp-content\/uploads\/2025\/03\/1-1024x724.jpg\" alt=\"\" class=\"wp-image-613\" style=\"width:1570px;height:auto\" srcset=\"https:\/\/uncannypolitics.org\/wp-content\/uploads\/2025\/03\/1-1024x724.jpg 1024w, https:\/\/uncannypolitics.org\/wp-content\/uploads\/2025\/03\/1-300x212.jpg 300w\" sizes=\"(max-width: 1024px) 100vw, 1024px\" \/><\/figure>\n\n\n\n<figure class=\"wp-block-gallery has-nested-images columns-default is-cropped wp-block-gallery-4 is-layout-flex wp-block-gallery-is-layout-flex\">\n<figure class=\"wp-block-image size-large\"><img decoding=\"async\" width=\"1024\" height=\"724\" data-id=\"624\" src=\"https:\/\/uncannypolitics.org\/wp-content\/uploads\/2025\/03\/gl4-1024x724.jpg\" alt=\"\" class=\"wp-image-624\" srcset=\"https:\/\/uncannypolitics.org\/wp-content\/uploads\/2025\/03\/gl4-1024x724.jpg 1024w, https:\/\/uncannypolitics.org\/wp-content\/uploads\/2025\/03\/gl4-300x212.jpg 300w, https:\/\/uncannypolitics.org\/wp-content\/uploads\/2025\/03\/gl4-768x543.jpg 768w\" sizes=\"(max-width: 1024px) 100vw, 1024px\" \/><\/figure>\n\n\n\n<figure class=\"wp-block-image size-large\"><img decoding=\"async\" width=\"1024\" height=\"724\" data-id=\"625\" src=\"https:\/\/uncannypolitics.org\/wp-content\/uploads\/2025\/03\/gl7-1024x724.jpg\" alt=\"\" class=\"wp-image-625\" srcset=\"https:\/\/uncannypolitics.org\/wp-content\/uploads\/2025\/03\/gl7-1024x724.jpg 1024w, https:\/\/uncannypolitics.org\/wp-content\/uploads\/2025\/03\/gl7-300x212.jpg 300w, https:\/\/uncannypolitics.org\/wp-content\/uploads\/2025\/03\/gl7-768x543.jpg 768w\" sizes=\"(max-width: 1024px) 100vw, 1024px\" \/><\/figure>\n\n\n\n<figure class=\"wp-block-image size-large\"><img decoding=\"async\" width=\"1024\" height=\"724\" data-id=\"626\" src=\"https:\/\/uncannypolitics.org\/wp-content\/uploads\/2025\/03\/gl9-1024x724.jpg\" alt=\"\" class=\"wp-image-626\" srcset=\"https:\/\/uncannypolitics.org\/wp-content\/uploads\/2025\/03\/gl9-1024x724.jpg 1024w, https:\/\/uncannypolitics.org\/wp-content\/uploads\/2025\/03\/gl9-300x212.jpg 300w, https:\/\/uncannypolitics.org\/wp-content\/uploads\/2025\/03\/gl9-768x543.jpg 768w\" sizes=\"(max-width: 1024px) 100vw, 1024px\" \/><\/figure>\n<\/figure>\n\n\n\n<p>La r\u00e9gression d\u00e9signe un processus par lequel, dans certaines circonstances, le comportement qui est habituel dans une situation donn\u00e9e fait place \u00e0 un comportement caract\u00e9ristique d&#8217;un stade de d\u00e9veloppement ant\u00e9rieur. Le film explore cette notion en examinant les r\u00e9miniscences d&#8217;\u00e9v\u00e9nements, mat\u00e9rialis\u00e9s dans une boucle r\u00e9cursive entre image, son et corps. <em>Regression<\/em> explore ainsi des questionnement sur la psychologie, l&#8217;exhibition des <em>freak shows<\/em> et les fronti\u00e8res troubles de l&#8217;humanit\u00e9.<\/p>\n","protected":false},"excerpt":{"rendered":"<p>2016 M\u00e9diums : stylo, papier, programme de traitement d&#8217;images La r\u00e9gression d\u00e9signe un processus par lequel, dans certaines circonstances, le comportement qui est habituel dans une situation donn\u00e9e fait place \u00e0 un comportement caract\u00e9ristique d&#8217;un stade de d\u00e9veloppement ant\u00e9rieur. Le film explore cette notion en examinant les r\u00e9miniscences d&#8217;\u00e9v\u00e9nements, mat\u00e9rialis\u00e9s dans une boucle r\u00e9cursive entre [&hellip;]<\/p>\n","protected":false},"author":1,"featured_media":0,"parent":0,"menu_order":0,"comment_status":"closed","ping_status":"closed","template":"","meta":{"footnotes":""},"class_list":["post-334","page","type-page","status-publish"],"_links":{"self":[{"href":"https:\/\/uncannypolitics.org\/index.php\/wp-json\/wp\/v2\/pages\/334","targetHints":{"allow":["GET"]}}],"collection":[{"href":"https:\/\/uncannypolitics.org\/index.php\/wp-json\/wp\/v2\/pages"}],"about":[{"href":"https:\/\/uncannypolitics.org\/index.php\/wp-json\/wp\/v2\/types\/page"}],"author":[{"embeddable":true,"href":"https:\/\/uncannypolitics.org\/index.php\/wp-json\/wp\/v2\/users\/1"}],"replies":[{"embeddable":true,"href":"https:\/\/uncannypolitics.org\/index.php\/wp-json\/wp\/v2\/comments?post=334"}],"version-history":[{"count":7,"href":"https:\/\/uncannypolitics.org\/index.php\/wp-json\/wp\/v2\/pages\/334\/revisions"}],"predecessor-version":[{"id":739,"href":"https:\/\/uncannypolitics.org\/index.php\/wp-json\/wp\/v2\/pages\/334\/revisions\/739"}],"wp:attachment":[{"href":"https:\/\/uncannypolitics.org\/index.php\/wp-json\/wp\/v2\/media?parent=334"}],"curies":[{"name":"wp","href":"https:\/\/api.w.org\/{rel}","templated":true}]}}