{"id":330,"date":"2025-02-26T17:41:46","date_gmt":"2025-02-26T16:41:46","guid":{"rendered":"https:\/\/uncannypolitics.org\/?page_id=330"},"modified":"2025-03-05T19:53:15","modified_gmt":"2025-03-05T18:53:15","slug":"upside-developed","status":"publish","type":"page","link":"https:\/\/uncannypolitics.org\/index.php\/upside-developed\/","title":{"rendered":"Upside Developed"},"content":{"rendered":"\n<figure class=\"wp-block-embed is-type-video is-provider-youtube wp-block-embed-youtube wp-embed-aspect-16-9 wp-has-aspect-ratio\"><div class=\"wp-block-embed__wrapper\">\n<iframe loading=\"lazy\" title=\"Upside Developed\" width=\"500\" height=\"281\" src=\"https:\/\/www.youtube.com\/embed\/JiOAkreFPWE?feature=oembed\" frameborder=\"0\" allow=\"accelerometer; autoplay; clipboard-write; encrypted-media; gyroscope; picture-in-picture; web-share\" referrerpolicy=\"strict-origin-when-cross-origin\" allowfullscreen><\/iframe>\n<\/div><\/figure>\n\n\n\n<p><strong>2016<\/strong><\/p>\n\n\n\n<p>M\u00e9diums : stylo, papier, databending <\/p>\n\n\n\n<figure class=\"wp-block-gallery has-nested-images columns-default is-cropped wp-block-gallery-1 is-layout-flex wp-block-gallery-is-layout-flex\">\n<figure class=\"wp-block-image size-large\"><img decoding=\"async\" width=\"1024\" height=\"724\" data-id=\"591\" src=\"https:\/\/uncannypolitics.org\/wp-content\/uploads\/2025\/03\/Int51-1024x724.jpg\" alt=\"\" class=\"wp-image-591\" srcset=\"https:\/\/uncannypolitics.org\/wp-content\/uploads\/2025\/03\/Int51-1024x724.jpg 1024w, https:\/\/uncannypolitics.org\/wp-content\/uploads\/2025\/03\/Int51-300x212.jpg 300w, https:\/\/uncannypolitics.org\/wp-content\/uploads\/2025\/03\/Int51-768x543.jpg 768w\" sizes=\"(max-width: 1024px) 100vw, 1024px\" \/><\/figure>\n\n\n\n<figure class=\"wp-block-image size-large\"><img decoding=\"async\" width=\"1024\" height=\"724\" data-id=\"596\" src=\"https:\/\/uncannypolitics.org\/wp-content\/uploads\/2025\/03\/A1-1024x724.jpg\" alt=\"\" class=\"wp-image-596\" srcset=\"https:\/\/uncannypolitics.org\/wp-content\/uploads\/2025\/03\/A1-1024x724.jpg 1024w, https:\/\/uncannypolitics.org\/wp-content\/uploads\/2025\/03\/A1-300x212.jpg 300w, https:\/\/uncannypolitics.org\/wp-content\/uploads\/2025\/03\/A1-768x543.jpg 768w\" sizes=\"(max-width: 1024px) 100vw, 1024px\" \/><\/figure>\n\n\n\n<figure class=\"wp-block-image size-large\"><img decoding=\"async\" width=\"1024\" height=\"724\" data-id=\"593\" src=\"https:\/\/uncannypolitics.org\/wp-content\/uploads\/2025\/03\/GF3-1024x724.jpg\" alt=\"\" class=\"wp-image-593\" srcset=\"https:\/\/uncannypolitics.org\/wp-content\/uploads\/2025\/03\/GF3-1024x724.jpg 1024w, https:\/\/uncannypolitics.org\/wp-content\/uploads\/2025\/03\/GF3-300x212.jpg 300w, https:\/\/uncannypolitics.org\/wp-content\/uploads\/2025\/03\/GF3-768x543.jpg 768w\" sizes=\"(max-width: 1024px) 100vw, 1024px\" \/><\/figure>\n<\/figure>\n\n\n\n<figure class=\"wp-block-gallery has-nested-images columns-default is-cropped wp-block-gallery-2 is-layout-flex wp-block-gallery-is-layout-flex\">\n<figure class=\"wp-block-image size-large\"><img decoding=\"async\" width=\"1024\" height=\"724\" data-id=\"588\" src=\"https:\/\/uncannypolitics.org\/wp-content\/uploads\/2025\/03\/GR3-1024x724.jpg\" alt=\"\" class=\"wp-image-588\" srcset=\"https:\/\/uncannypolitics.org\/wp-content\/uploads\/2025\/03\/GR3-1024x724.jpg 1024w, https:\/\/uncannypolitics.org\/wp-content\/uploads\/2025\/03\/GR3-300x212.jpg 300w, https:\/\/uncannypolitics.org\/wp-content\/uploads\/2025\/03\/GR3-768x543.jpg 768w\" sizes=\"(max-width: 1024px) 100vw, 1024px\" \/><\/figure>\n\n\n\n<figure class=\"wp-block-image size-large\"><img decoding=\"async\" width=\"1024\" height=\"724\" data-id=\"600\" src=\"https:\/\/uncannypolitics.org\/wp-content\/uploads\/2025\/03\/O1-1024x724.jpg\" alt=\"\" class=\"wp-image-600\" srcset=\"https:\/\/uncannypolitics.org\/wp-content\/uploads\/2025\/03\/O1-1024x724.jpg 1024w, https:\/\/uncannypolitics.org\/wp-content\/uploads\/2025\/03\/O1-300x212.jpg 300w, https:\/\/uncannypolitics.org\/wp-content\/uploads\/2025\/03\/O1-768x543.jpg 768w\" sizes=\"(max-width: 1024px) 100vw, 1024px\" \/><\/figure>\n<\/figure>\n\n\n\n<figure class=\"wp-block-gallery has-nested-images columns-default is-cropped wp-block-gallery-3 is-layout-flex wp-block-gallery-is-layout-flex\">\n<figure class=\"wp-block-image size-large\"><img decoding=\"async\" width=\"1024\" height=\"724\" data-id=\"595\" src=\"https:\/\/uncannypolitics.org\/wp-content\/uploads\/2025\/03\/Gwah7-1024x724.jpg\" alt=\"\" class=\"wp-image-595\" srcset=\"https:\/\/uncannypolitics.org\/wp-content\/uploads\/2025\/03\/Gwah7-1024x724.jpg 1024w, https:\/\/uncannypolitics.org\/wp-content\/uploads\/2025\/03\/Gwah7-300x212.jpg 300w, https:\/\/uncannypolitics.org\/wp-content\/uploads\/2025\/03\/Gwah7-768x543.jpg 768w\" sizes=\"(max-width: 1024px) 100vw, 1024px\" \/><\/figure>\n\n\n\n<figure class=\"wp-block-image size-large\"><img decoding=\"async\" width=\"1024\" height=\"724\" data-id=\"599\" src=\"https:\/\/uncannypolitics.org\/wp-content\/uploads\/2025\/03\/DE1-1024x724.jpg\" alt=\"\" class=\"wp-image-599\" srcset=\"https:\/\/uncannypolitics.org\/wp-content\/uploads\/2025\/03\/DE1-1024x724.jpg 1024w, https:\/\/uncannypolitics.org\/wp-content\/uploads\/2025\/03\/DE1-300x212.jpg 300w, https:\/\/uncannypolitics.org\/wp-content\/uploads\/2025\/03\/DE1-768x543.jpg 768w\" sizes=\"(max-width: 1024px) 100vw, 1024px\" \/><\/figure>\n<\/figure>\n\n\n\n<figure class=\"wp-block-gallery has-nested-images columns-default is-cropped wp-block-gallery-4 is-layout-flex wp-block-gallery-is-layout-flex\">\n<figure class=\"wp-block-image size-large\"><img decoding=\"async\" width=\"1024\" height=\"724\" data-id=\"604\" src=\"https:\/\/uncannypolitics.org\/wp-content\/uploads\/2025\/03\/GF13-1024x724.jpg\" alt=\"\" class=\"wp-image-604\" srcset=\"https:\/\/uncannypolitics.org\/wp-content\/uploads\/2025\/03\/GF13-1024x724.jpg 1024w, https:\/\/uncannypolitics.org\/wp-content\/uploads\/2025\/03\/GF13-300x212.jpg 300w, https:\/\/uncannypolitics.org\/wp-content\/uploads\/2025\/03\/GF13-768x543.jpg 768w\" sizes=\"(max-width: 1024px) 100vw, 1024px\" \/><\/figure>\n\n\n\n<figure class=\"wp-block-image size-large\"><img decoding=\"async\" width=\"1024\" height=\"724\" data-id=\"605\" src=\"https:\/\/uncannypolitics.org\/wp-content\/uploads\/2025\/03\/FG008-1024x724.jpg\" alt=\"\" class=\"wp-image-605\" srcset=\"https:\/\/uncannypolitics.org\/wp-content\/uploads\/2025\/03\/FG008-1024x724.jpg 1024w, https:\/\/uncannypolitics.org\/wp-content\/uploads\/2025\/03\/FG008-300x212.jpg 300w, https:\/\/uncannypolitics.org\/wp-content\/uploads\/2025\/03\/FG008-768x543.jpg 768w\" sizes=\"(max-width: 1024px) 100vw, 1024px\" \/><\/figure>\n<\/figure>\n\n\n\n<div class=\"wp-block-media-text is-stacked-on-mobile\" style=\"grid-template-columns:75% auto\"><figure class=\"wp-block-media-text__media\"><img decoding=\"async\" width=\"1024\" height=\"724\" src=\"http:\/\/uncannypolitics.org\/wp-content\/uploads\/2025\/03\/GRT7-1024x724.jpg\" alt=\"\" class=\"wp-image-606 size-full\" srcset=\"https:\/\/uncannypolitics.org\/wp-content\/uploads\/2025\/03\/GRT7-1024x724.jpg 1024w, https:\/\/uncannypolitics.org\/wp-content\/uploads\/2025\/03\/GRT7-300x212.jpg 300w, https:\/\/uncannypolitics.org\/wp-content\/uploads\/2025\/03\/GRT7-768x543.jpg 768w\" sizes=\"(max-width: 1024px) 100vw, 1024px\" \/><\/figure><div class=\"wp-block-media-text__content\">\n<p><\/p>\n<\/div><\/div>\n\n\n\n<p><em>Upside Developed <\/em> est un po\u00e8me anim\u00e9 et sp\u00e9culatif, d\u00e9clam\u00e9 par un personnage fragment\u00e9, conscient de sa condition, et prisonnier du dispositif technique qui le fait vivre. Questionnant les enjeux \u00e9thiques de l&#8217;intelligence artificielle et du transhumanisme, l&#8217;\u0153uvre produit une illusion de vie par l&#8217;interd\u00e9pendance entre l&#8217;image et le son, avec l&#8217;utilisation de <em>data-bending<\/em>. Les effets sonores appliqu\u00e9s sur la voix du personnage d\u00e9truisent des donn\u00e9es de l&#8217;image et sont en effet visibles \u00e0 l&#8217;\u00e9cran. <em>Upisde Developed <\/em> questionne ainsi des qualit\u00e9s intrins\u00e8quement humaines, tel que la capacit\u00e9 \u00e0 assumer l&#8217;illogique, l&#8217;ind\u00e9fini, \u00e0 \u0153uvrer avec l&#8217;irrationnel et \u00e0 le transformer, \u00e0 partir du chaos et de l&#8217;insens\u00e9.<\/p>\n\n\n\n<p><\/p>\n","protected":false},"excerpt":{"rendered":"<p>2016 M\u00e9diums : stylo, papier, databending Upside Developed est un po\u00e8me anim\u00e9 et sp\u00e9culatif, d\u00e9clam\u00e9 par un personnage fragment\u00e9, conscient de sa condition, et prisonnier du dispositif technique qui le fait vivre. Questionnant les enjeux \u00e9thiques de l&#8217;intelligence artificielle et du transhumanisme, l&#8217;\u0153uvre produit une illusion de vie par l&#8217;interd\u00e9pendance entre l&#8217;image et le son, [&hellip;]<\/p>\n","protected":false},"author":1,"featured_media":0,"parent":0,"menu_order":0,"comment_status":"closed","ping_status":"closed","template":"","meta":{"footnotes":""},"class_list":["post-330","page","type-page","status-publish"],"_links":{"self":[{"href":"https:\/\/uncannypolitics.org\/index.php\/wp-json\/wp\/v2\/pages\/330","targetHints":{"allow":["GET"]}}],"collection":[{"href":"https:\/\/uncannypolitics.org\/index.php\/wp-json\/wp\/v2\/pages"}],"about":[{"href":"https:\/\/uncannypolitics.org\/index.php\/wp-json\/wp\/v2\/types\/page"}],"author":[{"embeddable":true,"href":"https:\/\/uncannypolitics.org\/index.php\/wp-json\/wp\/v2\/users\/1"}],"replies":[{"embeddable":true,"href":"https:\/\/uncannypolitics.org\/index.php\/wp-json\/wp\/v2\/comments?post=330"}],"version-history":[{"count":10,"href":"https:\/\/uncannypolitics.org\/index.php\/wp-json\/wp\/v2\/pages\/330\/revisions"}],"predecessor-version":[{"id":885,"href":"https:\/\/uncannypolitics.org\/index.php\/wp-json\/wp\/v2\/pages\/330\/revisions\/885"}],"wp:attachment":[{"href":"https:\/\/uncannypolitics.org\/index.php\/wp-json\/wp\/v2\/media?parent=330"}],"curies":[{"name":"wp","href":"https:\/\/api.w.org\/{rel}","templated":true}]}}