{"id":326,"date":"2025-02-26T17:41:05","date_gmt":"2025-02-26T16:41:05","guid":{"rendered":"https:\/\/uncannypolitics.org\/?page_id=326"},"modified":"2025-03-05T21:35:32","modified_gmt":"2025-03-05T20:35:32","slug":"mgy-cm2-63","status":"publish","type":"page","link":"https:\/\/uncannypolitics.org\/index.php\/creations\/animation\/mgy-cm2-63\/","title":{"rendered":"mGy.cm2 63%"},"content":{"rendered":"\n<figure class=\"wp-block-embed is-type-video is-provider-youtube wp-block-embed-youtube wp-embed-aspect-4-3 wp-has-aspect-ratio\"><div class=\"wp-block-embed__wrapper\">\n<iframe loading=\"lazy\" title=\"mGy.cm2 63%\" width=\"500\" height=\"375\" src=\"https:\/\/www.youtube.com\/embed\/ZSpv9GPXmas?feature=oembed\" frameborder=\"0\" allow=\"accelerometer; autoplay; clipboard-write; encrypted-media; gyroscope; picture-in-picture; web-share\" referrerpolicy=\"strict-origin-when-cross-origin\" allowfullscreen><\/iframe>\n<\/div><\/figure>\n\n\n\n<p><strong>2016<\/strong><\/p>\n\n\n\n<p>M\u00e9diums: radios, programme de traitement d&#8217;images<\/p>\n\n\n\n<figure class=\"wp-block-gallery has-nested-images columns-default is-cropped wp-block-gallery-1 is-layout-flex wp-block-gallery-is-layout-flex\">\n<figure class=\"wp-block-image size-large\"><img decoding=\"async\" width=\"1024\" height=\"1024\" data-id=\"899\" src=\"https:\/\/uncannypolitics.org\/wp-content\/uploads\/2025\/03\/B5-1024x1024.jpg\" alt=\"\" class=\"wp-image-899\" srcset=\"https:\/\/uncannypolitics.org\/wp-content\/uploads\/2025\/03\/B5-1024x1024.jpg 1024w, https:\/\/uncannypolitics.org\/wp-content\/uploads\/2025\/03\/B5-300x300.jpg 300w, https:\/\/uncannypolitics.org\/wp-content\/uploads\/2025\/03\/B5-150x150.jpg 150w, https:\/\/uncannypolitics.org\/wp-content\/uploads\/2025\/03\/B5-768x768.jpg 768w, https:\/\/uncannypolitics.org\/wp-content\/uploads\/2025\/03\/B5-1536x1536.jpg 1536w, https:\/\/uncannypolitics.org\/wp-content\/uploads\/2025\/03\/B5.jpg 1654w\" sizes=\"(max-width: 1024px) 100vw, 1024px\" \/><\/figure>\n\n\n\n<figure class=\"wp-block-image size-large\"><img decoding=\"async\" width=\"1024\" height=\"1024\" data-id=\"898\" src=\"https:\/\/uncannypolitics.org\/wp-content\/uploads\/2025\/03\/B4-O18-1024x1024.jpg\" alt=\"\" class=\"wp-image-898\" srcset=\"https:\/\/uncannypolitics.org\/wp-content\/uploads\/2025\/03\/B4-O18-1024x1024.jpg 1024w, https:\/\/uncannypolitics.org\/wp-content\/uploads\/2025\/03\/B4-O18-300x300.jpg 300w, https:\/\/uncannypolitics.org\/wp-content\/uploads\/2025\/03\/B4-O18-150x150.jpg 150w, https:\/\/uncannypolitics.org\/wp-content\/uploads\/2025\/03\/B4-O18-768x768.jpg 768w, https:\/\/uncannypolitics.org\/wp-content\/uploads\/2025\/03\/B4-O18-1536x1536.jpg 1536w, https:\/\/uncannypolitics.org\/wp-content\/uploads\/2025\/03\/B4-O18.jpg 1654w\" sizes=\"(max-width: 1024px) 100vw, 1024px\" \/><\/figure>\n\n\n\n<figure class=\"wp-block-image size-large\"><img decoding=\"async\" width=\"1024\" height=\"1024\" data-id=\"897\" src=\"https:\/\/uncannypolitics.org\/wp-content\/uploads\/2025\/03\/B3-glitch-1024x1024.jpg\" alt=\"\" class=\"wp-image-897\" srcset=\"https:\/\/uncannypolitics.org\/wp-content\/uploads\/2025\/03\/B3-glitch-1024x1024.jpg 1024w, https:\/\/uncannypolitics.org\/wp-content\/uploads\/2025\/03\/B3-glitch-300x300.jpg 300w, https:\/\/uncannypolitics.org\/wp-content\/uploads\/2025\/03\/B3-glitch-150x150.jpg 150w, https:\/\/uncannypolitics.org\/wp-content\/uploads\/2025\/03\/B3-glitch-768x768.jpg 768w, https:\/\/uncannypolitics.org\/wp-content\/uploads\/2025\/03\/B3-glitch-1536x1536.jpg 1536w, https:\/\/uncannypolitics.org\/wp-content\/uploads\/2025\/03\/B3-glitch.jpg 1654w\" sizes=\"(max-width: 1024px) 100vw, 1024px\" \/><\/figure>\n<\/figure>\n\n\n\n<figure class=\"wp-block-gallery has-nested-images columns-default is-cropped wp-block-gallery-2 is-layout-flex wp-block-gallery-is-layout-flex\">\n<figure class=\"wp-block-image size-large\"><img decoding=\"async\" width=\"1024\" height=\"1024\" data-id=\"896\" src=\"https:\/\/uncannypolitics.org\/wp-content\/uploads\/2025\/03\/B1-16-1024x1024.jpg\" alt=\"\" class=\"wp-image-896\" srcset=\"https:\/\/uncannypolitics.org\/wp-content\/uploads\/2025\/03\/B1-16-1024x1024.jpg 1024w, https:\/\/uncannypolitics.org\/wp-content\/uploads\/2025\/03\/B1-16-300x300.jpg 300w, https:\/\/uncannypolitics.org\/wp-content\/uploads\/2025\/03\/B1-16-150x150.jpg 150w, https:\/\/uncannypolitics.org\/wp-content\/uploads\/2025\/03\/B1-16-768x768.jpg 768w, https:\/\/uncannypolitics.org\/wp-content\/uploads\/2025\/03\/B1-16-1536x1536.jpg 1536w, https:\/\/uncannypolitics.org\/wp-content\/uploads\/2025\/03\/B1-16.jpg 1654w\" sizes=\"(max-width: 1024px) 100vw, 1024px\" \/><\/figure>\n\n\n\n<figure class=\"wp-block-image size-large\"><img decoding=\"async\" width=\"1024\" height=\"1024\" data-id=\"900\" src=\"https:\/\/uncannypolitics.org\/wp-content\/uploads\/2025\/03\/B6-a8b-1024x1024.jpg\" alt=\"\" class=\"wp-image-900\" srcset=\"https:\/\/uncannypolitics.org\/wp-content\/uploads\/2025\/03\/B6-a8b-1024x1024.jpg 1024w, https:\/\/uncannypolitics.org\/wp-content\/uploads\/2025\/03\/B6-a8b-300x300.jpg 300w, https:\/\/uncannypolitics.org\/wp-content\/uploads\/2025\/03\/B6-a8b-150x150.jpg 150w, https:\/\/uncannypolitics.org\/wp-content\/uploads\/2025\/03\/B6-a8b-768x768.jpg 768w, https:\/\/uncannypolitics.org\/wp-content\/uploads\/2025\/03\/B6-a8b-1536x1536.jpg 1536w, https:\/\/uncannypolitics.org\/wp-content\/uploads\/2025\/03\/B6-a8b.jpg 1654w\" sizes=\"(max-width: 1024px) 100vw, 1024px\" \/><\/figure>\n<\/figure>\n\n\n\n<figure class=\"wp-block-image size-large\"><img decoding=\"async\" width=\"1024\" height=\"1024\" src=\"http:\/\/uncannypolitics.org\/wp-content\/uploads\/2025\/03\/Cc99-1024x1024.jpg\" alt=\"\" class=\"wp-image-903\" srcset=\"https:\/\/uncannypolitics.org\/wp-content\/uploads\/2025\/03\/Cc99-1024x1024.jpg 1024w, https:\/\/uncannypolitics.org\/wp-content\/uploads\/2025\/03\/Cc99-300x300.jpg 300w, https:\/\/uncannypolitics.org\/wp-content\/uploads\/2025\/03\/Cc99-150x150.jpg 150w, https:\/\/uncannypolitics.org\/wp-content\/uploads\/2025\/03\/Cc99-768x768.jpg 768w, https:\/\/uncannypolitics.org\/wp-content\/uploads\/2025\/03\/Cc99-1536x1536.jpg 1536w, https:\/\/uncannypolitics.org\/wp-content\/uploads\/2025\/03\/Cc99.jpg 1654w\" sizes=\"(max-width: 1024px) 100vw, 1024px\" \/><\/figure>\n\n\n\n<figure class=\"wp-block-gallery has-nested-images columns-default is-cropped wp-block-gallery-3 is-layout-flex wp-block-gallery-is-layout-flex\">\n<figure class=\"wp-block-image size-large\"><img decoding=\"async\" width=\"1024\" height=\"1024\" data-id=\"902\" src=\"https:\/\/uncannypolitics.org\/wp-content\/uploads\/2025\/03\/C2-2-1024x1024.jpg\" alt=\"\" class=\"wp-image-902\" srcset=\"https:\/\/uncannypolitics.org\/wp-content\/uploads\/2025\/03\/C2-2-1024x1024.jpg 1024w, https:\/\/uncannypolitics.org\/wp-content\/uploads\/2025\/03\/C2-2-300x300.jpg 300w, https:\/\/uncannypolitics.org\/wp-content\/uploads\/2025\/03\/C2-2-150x150.jpg 150w, https:\/\/uncannypolitics.org\/wp-content\/uploads\/2025\/03\/C2-2-768x768.jpg 768w, https:\/\/uncannypolitics.org\/wp-content\/uploads\/2025\/03\/C2-2-1536x1536.jpg 1536w, https:\/\/uncannypolitics.org\/wp-content\/uploads\/2025\/03\/C2-2.jpg 1654w\" sizes=\"(max-width: 1024px) 100vw, 1024px\" \/><\/figure>\n\n\n\n<figure class=\"wp-block-image size-large\"><img decoding=\"async\" width=\"1024\" height=\"1024\" data-id=\"904\" src=\"https:\/\/uncannypolitics.org\/wp-content\/uploads\/2025\/03\/D-14-1024x1024.jpg\" alt=\"\" class=\"wp-image-904\" srcset=\"https:\/\/uncannypolitics.org\/wp-content\/uploads\/2025\/03\/D-14-1024x1024.jpg 1024w, https:\/\/uncannypolitics.org\/wp-content\/uploads\/2025\/03\/D-14-300x300.jpg 300w, https:\/\/uncannypolitics.org\/wp-content\/uploads\/2025\/03\/D-14-150x150.jpg 150w, https:\/\/uncannypolitics.org\/wp-content\/uploads\/2025\/03\/D-14-768x768.jpg 768w, https:\/\/uncannypolitics.org\/wp-content\/uploads\/2025\/03\/D-14-1536x1536.jpg 1536w, https:\/\/uncannypolitics.org\/wp-content\/uploads\/2025\/03\/D-14.jpg 1654w\" sizes=\"(max-width: 1024px) 100vw, 1024px\" \/><\/figure>\n\n\n\n<figure class=\"wp-block-image size-large\"><img decoding=\"async\" width=\"1024\" height=\"1024\" data-id=\"907\" src=\"https:\/\/uncannypolitics.org\/wp-content\/uploads\/2025\/03\/Main-B-1-1024x1024.jpg\" alt=\"\" class=\"wp-image-907\" srcset=\"https:\/\/uncannypolitics.org\/wp-content\/uploads\/2025\/03\/Main-B-1-1024x1024.jpg 1024w, https:\/\/uncannypolitics.org\/wp-content\/uploads\/2025\/03\/Main-B-1-300x300.jpg 300w, https:\/\/uncannypolitics.org\/wp-content\/uploads\/2025\/03\/Main-B-1-150x150.jpg 150w, https:\/\/uncannypolitics.org\/wp-content\/uploads\/2025\/03\/Main-B-1-768x768.jpg 768w, https:\/\/uncannypolitics.org\/wp-content\/uploads\/2025\/03\/Main-B-1-1536x1536.jpg 1536w, https:\/\/uncannypolitics.org\/wp-content\/uploads\/2025\/03\/Main-B-1.jpg 1654w\" sizes=\"(max-width: 1024px) 100vw, 1024px\" \/><\/figure>\n<\/figure>\n\n\n\n<figure class=\"wp-block-gallery has-nested-images columns-default is-cropped wp-block-gallery-4 is-layout-flex wp-block-gallery-is-layout-flex\">\n<figure class=\"wp-block-image size-large\"><img decoding=\"async\" width=\"1024\" height=\"1024\" data-id=\"905\" src=\"https:\/\/uncannypolitics.org\/wp-content\/uploads\/2025\/03\/M03-1024x1024.jpg\" alt=\"\" class=\"wp-image-905\" srcset=\"https:\/\/uncannypolitics.org\/wp-content\/uploads\/2025\/03\/M03-1024x1024.jpg 1024w, https:\/\/uncannypolitics.org\/wp-content\/uploads\/2025\/03\/M03-300x300.jpg 300w, https:\/\/uncannypolitics.org\/wp-content\/uploads\/2025\/03\/M03-150x150.jpg 150w, https:\/\/uncannypolitics.org\/wp-content\/uploads\/2025\/03\/M03-768x768.jpg 768w, https:\/\/uncannypolitics.org\/wp-content\/uploads\/2025\/03\/M03-1536x1536.jpg 1536w, https:\/\/uncannypolitics.org\/wp-content\/uploads\/2025\/03\/M03.jpg 1654w\" sizes=\"(max-width: 1024px) 100vw, 1024px\" \/><\/figure>\n\n\n\n<figure class=\"wp-block-image size-large\"><img decoding=\"async\" width=\"1024\" height=\"1024\" data-id=\"907\" src=\"https:\/\/uncannypolitics.org\/wp-content\/uploads\/2025\/03\/Main-B-1-1024x1024.jpg\" alt=\"\" class=\"wp-image-907\" srcset=\"https:\/\/uncannypolitics.org\/wp-content\/uploads\/2025\/03\/Main-B-1-1024x1024.jpg 1024w, https:\/\/uncannypolitics.org\/wp-content\/uploads\/2025\/03\/Main-B-1-300x300.jpg 300w, https:\/\/uncannypolitics.org\/wp-content\/uploads\/2025\/03\/Main-B-1-150x150.jpg 150w, https:\/\/uncannypolitics.org\/wp-content\/uploads\/2025\/03\/Main-B-1-768x768.jpg 768w, https:\/\/uncannypolitics.org\/wp-content\/uploads\/2025\/03\/Main-B-1-1536x1536.jpg 1536w, https:\/\/uncannypolitics.org\/wp-content\/uploads\/2025\/03\/Main-B-1.jpg 1654w\" sizes=\"(max-width: 1024px) 100vw, 1024px\" \/><\/figure>\n\n\n\n<figure class=\"wp-block-image size-large\"><img decoding=\"async\" width=\"1024\" height=\"1024\" data-id=\"908\" src=\"https:\/\/uncannypolitics.org\/wp-content\/uploads\/2025\/03\/MC2-0-1024x1024.jpg\" alt=\"\" class=\"wp-image-908\" srcset=\"https:\/\/uncannypolitics.org\/wp-content\/uploads\/2025\/03\/MC2-0-1024x1024.jpg 1024w, https:\/\/uncannypolitics.org\/wp-content\/uploads\/2025\/03\/MC2-0-300x300.jpg 300w, https:\/\/uncannypolitics.org\/wp-content\/uploads\/2025\/03\/MC2-0-150x150.jpg 150w, https:\/\/uncannypolitics.org\/wp-content\/uploads\/2025\/03\/MC2-0-768x768.jpg 768w, https:\/\/uncannypolitics.org\/wp-content\/uploads\/2025\/03\/MC2-0-1536x1536.jpg 1536w, https:\/\/uncannypolitics.org\/wp-content\/uploads\/2025\/03\/MC2-0.jpg 1654w\" sizes=\"(max-width: 1024px) 100vw, 1024px\" \/><\/figure>\n<\/figure>\n\n\n\n<figure class=\"wp-block-gallery has-nested-images columns-default is-cropped wp-block-gallery-5 is-layout-flex wp-block-gallery-is-layout-flex\">\n<figure class=\"wp-block-image size-large\"><img decoding=\"async\" width=\"1024\" height=\"1024\" data-id=\"910\" src=\"https:\/\/uncannypolitics.org\/wp-content\/uploads\/2025\/03\/V-A-1-1024x1024.jpg\" alt=\"\" class=\"wp-image-910\" srcset=\"https:\/\/uncannypolitics.org\/wp-content\/uploads\/2025\/03\/V-A-1-1024x1024.jpg 1024w, https:\/\/uncannypolitics.org\/wp-content\/uploads\/2025\/03\/V-A-1-300x300.jpg 300w, https:\/\/uncannypolitics.org\/wp-content\/uploads\/2025\/03\/V-A-1-150x150.jpg 150w, https:\/\/uncannypolitics.org\/wp-content\/uploads\/2025\/03\/V-A-1-768x768.jpg 768w, https:\/\/uncannypolitics.org\/wp-content\/uploads\/2025\/03\/V-A-1-1536x1536.jpg 1536w, https:\/\/uncannypolitics.org\/wp-content\/uploads\/2025\/03\/V-A-1.jpg 1654w\" sizes=\"(max-width: 1024px) 100vw, 1024px\" \/><\/figure>\n\n\n\n<figure class=\"wp-block-image size-large\"><img decoding=\"async\" width=\"1024\" height=\"1024\" data-id=\"909\" src=\"https:\/\/uncannypolitics.org\/wp-content\/uploads\/2025\/03\/R19-1024x1024.jpg\" alt=\"\" class=\"wp-image-909\" srcset=\"https:\/\/uncannypolitics.org\/wp-content\/uploads\/2025\/03\/R19-1024x1024.jpg 1024w, https:\/\/uncannypolitics.org\/wp-content\/uploads\/2025\/03\/R19-300x300.jpg 300w, https:\/\/uncannypolitics.org\/wp-content\/uploads\/2025\/03\/R19-150x150.jpg 150w, https:\/\/uncannypolitics.org\/wp-content\/uploads\/2025\/03\/R19-768x768.jpg 768w, https:\/\/uncannypolitics.org\/wp-content\/uploads\/2025\/03\/R19-1536x1536.jpg 1536w, https:\/\/uncannypolitics.org\/wp-content\/uploads\/2025\/03\/R19.jpg 1654w\" sizes=\"(max-width: 1024px) 100vw, 1024px\" \/><\/figure>\n<\/figure>\n\n\n\n<figure class=\"wp-block-image size-large\"><img decoding=\"async\" width=\"1024\" height=\"1024\" src=\"http:\/\/uncannypolitics.org\/wp-content\/uploads\/2025\/03\/Main-A-1-1024x1024.jpg\" alt=\"\" class=\"wp-image-906\" srcset=\"https:\/\/uncannypolitics.org\/wp-content\/uploads\/2025\/03\/Main-A-1-1024x1024.jpg 1024w, https:\/\/uncannypolitics.org\/wp-content\/uploads\/2025\/03\/Main-A-1-300x300.jpg 300w, https:\/\/uncannypolitics.org\/wp-content\/uploads\/2025\/03\/Main-A-1-150x150.jpg 150w, https:\/\/uncannypolitics.org\/wp-content\/uploads\/2025\/03\/Main-A-1-768x768.jpg 768w, https:\/\/uncannypolitics.org\/wp-content\/uploads\/2025\/03\/Main-A-1-1536x1536.jpg 1536w, https:\/\/uncannypolitics.org\/wp-content\/uploads\/2025\/03\/Main-A-1.jpg 1654w\" sizes=\"(max-width: 1024px) 100vw, 1024px\" \/><\/figure>\n\n\n\n<p><em>mGy.cm2 63% <\/em>est issu d&#8217;un accident incapacitant l&#8217;artiste, contraint \u00e0 ne plus dessiner jusqu&#8217;\u00e0 son r\u00e9tablissement. Confront\u00e9 \u00e0 la fragilit\u00e9 du corps comme \u00e0 sa r\u00e9ification dans l&#8217;imagerie m\u00e9dicale, l&#8217;artiste s&#8217;est tourn\u00e9 vers l&#8217;outil num\u00e9rique pour collecter et animer les radios de proches comme d&#8217;\u00e9trangers venus contribuer \u00e0 l&#8217;\u0153uvre. Il en r\u00e9sulte l&#8217;incarnation collective du dispositif hospitalier, questionnant les limites de l&#8217;identit\u00e9 et du corps. <em>mGy.cm2 63% <\/em>est en r\u00e9alit\u00e9 le taux d&#8217;exposition aux rayons X qui fut n\u00e9cessaire pour effectuer les radios de l&#8217;artiste. L&#8217;utilisation de donn\u00e9es m\u00e9dicales, rendues publique par leur utilisation dans l&#8217;\u0153uvre, soul\u00e8ve des questionnements sur l&#8217;intime et l&#8217;identit\u00e9, absorb\u00e9s dans l&#8217;espace public de l&#8217;h\u00f4pital contraint aux logiques de march\u00e9.<\/p>\n\n\n\n<p><\/p>\n","protected":false},"excerpt":{"rendered":"<p>2016 M\u00e9diums: radios, programme de traitement d&#8217;images mGy.cm2 63% est issu d&#8217;un accident incapacitant l&#8217;artiste, contraint \u00e0 ne plus dessiner jusqu&#8217;\u00e0 son r\u00e9tablissement. Confront\u00e9 \u00e0 la fragilit\u00e9 du corps comme \u00e0 sa r\u00e9ification dans l&#8217;imagerie m\u00e9dicale, l&#8217;artiste s&#8217;est tourn\u00e9 vers l&#8217;outil num\u00e9rique pour collecter et animer les radios de proches comme d&#8217;\u00e9trangers venus contribuer \u00e0 [&hellip;]<\/p>\n","protected":false},"author":1,"featured_media":0,"parent":187,"menu_order":0,"comment_status":"closed","ping_status":"closed","template":"","meta":{"footnotes":""},"class_list":["post-326","page","type-page","status-publish"],"_links":{"self":[{"href":"https:\/\/uncannypolitics.org\/index.php\/wp-json\/wp\/v2\/pages\/326","targetHints":{"allow":["GET"]}}],"collection":[{"href":"https:\/\/uncannypolitics.org\/index.php\/wp-json\/wp\/v2\/pages"}],"about":[{"href":"https:\/\/uncannypolitics.org\/index.php\/wp-json\/wp\/v2\/types\/page"}],"author":[{"embeddable":true,"href":"https:\/\/uncannypolitics.org\/index.php\/wp-json\/wp\/v2\/users\/1"}],"replies":[{"embeddable":true,"href":"https:\/\/uncannypolitics.org\/index.php\/wp-json\/wp\/v2\/comments?post=326"}],"version-history":[{"count":19,"href":"https:\/\/uncannypolitics.org\/index.php\/wp-json\/wp\/v2\/pages\/326\/revisions"}],"predecessor-version":[{"id":911,"href":"https:\/\/uncannypolitics.org\/index.php\/wp-json\/wp\/v2\/pages\/326\/revisions\/911"}],"up":[{"embeddable":true,"href":"https:\/\/uncannypolitics.org\/index.php\/wp-json\/wp\/v2\/pages\/187"}],"wp:attachment":[{"href":"https:\/\/uncannypolitics.org\/index.php\/wp-json\/wp\/v2\/media?parent=326"}],"curies":[{"name":"wp","href":"https:\/\/api.w.org\/{rel}","templated":true}]}}