{"id":318,"date":"2025-02-26T17:38:35","date_gmt":"2025-02-26T16:38:35","guid":{"rendered":"https:\/\/uncannypolitics.org\/?page_id=318"},"modified":"2025-03-03T15:27:30","modified_gmt":"2025-03-03T14:27:30","slug":"vital-dynamic","status":"publish","type":"page","link":"https:\/\/uncannypolitics.org\/index.php\/creations\/animation\/vital-dynamic\/","title":{"rendered":"Vital-dynamic"},"content":{"rendered":"\n<hr class=\"wp-block-separator has-alpha-channel-opacity\"\/>\n\n\n\n<figure class=\"wp-block-embed is-type-video is-provider-youtube wp-block-embed-youtube wp-embed-aspect-4-3 wp-has-aspect-ratio\"><div class=\"wp-block-embed__wrapper\">\n<iframe loading=\"lazy\" title=\"Vital Dynamic [ Yair Elazar Glotman - Agnosia ]\" width=\"500\" height=\"375\" src=\"https:\/\/www.youtube.com\/embed\/cXiPOqDgyO0?feature=oembed\" frameborder=\"0\" allow=\"accelerometer; autoplay; clipboard-write; encrypted-media; gyroscope; picture-in-picture; web-share\" referrerpolicy=\"strict-origin-when-cross-origin\" allowfullscreen><\/iframe>\n<\/div><\/figure>\n\n\n\n<p><strong>2015<\/strong><\/p>\n\n\n\n<p>Mediums: stylo, papier, slitscan <\/p>\n\n\n\n<figure class=\"wp-block-gallery has-nested-images columns-default is-cropped wp-block-gallery-1 is-layout-flex wp-block-gallery-is-layout-flex\">\n<figure class=\"wp-block-image size-large\"><img decoding=\"async\" width=\"1024\" height=\"724\" data-id=\"574\" src=\"https:\/\/uncannypolitics.org\/wp-content\/uploads\/2025\/03\/respiration-1-1024x724.jpg\" alt=\"\" class=\"wp-image-574\" srcset=\"https:\/\/uncannypolitics.org\/wp-content\/uploads\/2025\/03\/respiration-1-1024x724.jpg 1024w, https:\/\/uncannypolitics.org\/wp-content\/uploads\/2025\/03\/respiration-1-300x212.jpg 300w, https:\/\/uncannypolitics.org\/wp-content\/uploads\/2025\/03\/respiration-1-768x543.jpg 768w, https:\/\/uncannypolitics.org\/wp-content\/uploads\/2025\/03\/respiration-1-1536x1086.jpg 1536w, https:\/\/uncannypolitics.org\/wp-content\/uploads\/2025\/03\/respiration-1-2048x1448.jpg 2048w\" sizes=\"(max-width: 1024px) 100vw, 1024px\" \/><\/figure>\n\n\n\n<figure class=\"wp-block-image size-large\"><img decoding=\"async\" width=\"1024\" height=\"724\" data-id=\"575\" src=\"https:\/\/uncannypolitics.org\/wp-content\/uploads\/2025\/03\/respiration-29-1024x724.jpg\" alt=\"\" class=\"wp-image-575\" srcset=\"https:\/\/uncannypolitics.org\/wp-content\/uploads\/2025\/03\/respiration-29-1024x724.jpg 1024w, https:\/\/uncannypolitics.org\/wp-content\/uploads\/2025\/03\/respiration-29-300x212.jpg 300w, https:\/\/uncannypolitics.org\/wp-content\/uploads\/2025\/03\/respiration-29-768x543.jpg 768w, https:\/\/uncannypolitics.org\/wp-content\/uploads\/2025\/03\/respiration-29-1536x1086.jpg 1536w, https:\/\/uncannypolitics.org\/wp-content\/uploads\/2025\/03\/respiration-29-2048x1448.jpg 2048w\" sizes=\"(max-width: 1024px) 100vw, 1024px\" \/><\/figure>\n<\/figure>\n\n\n\n<figure class=\"wp-block-gallery has-nested-images columns-default is-cropped wp-block-gallery-2 is-layout-flex wp-block-gallery-is-layout-flex\">\n<figure class=\"wp-block-image size-large\"><img decoding=\"async\" width=\"1024\" height=\"724\" data-id=\"579\" src=\"https:\/\/uncannypolitics.org\/wp-content\/uploads\/2025\/03\/R10-1024x724.jpg\" alt=\"\" class=\"wp-image-579\" srcset=\"https:\/\/uncannypolitics.org\/wp-content\/uploads\/2025\/03\/R10-1024x724.jpg 1024w, https:\/\/uncannypolitics.org\/wp-content\/uploads\/2025\/03\/R10-300x212.jpg 300w, https:\/\/uncannypolitics.org\/wp-content\/uploads\/2025\/03\/R10-768x543.jpg 768w, https:\/\/uncannypolitics.org\/wp-content\/uploads\/2025\/03\/R10-1536x1086.jpg 1536w, https:\/\/uncannypolitics.org\/wp-content\/uploads\/2025\/03\/R10-2048x1448.jpg 2048w\" sizes=\"(max-width: 1024px) 100vw, 1024px\" \/><\/figure>\n\n\n\n<figure class=\"wp-block-image size-large\"><img decoding=\"async\" width=\"1024\" height=\"724\" data-id=\"578\" src=\"https:\/\/uncannypolitics.org\/wp-content\/uploads\/2025\/03\/R5-1024x724.jpg\" alt=\"\" class=\"wp-image-578\" srcset=\"https:\/\/uncannypolitics.org\/wp-content\/uploads\/2025\/03\/R5-1024x724.jpg 1024w, https:\/\/uncannypolitics.org\/wp-content\/uploads\/2025\/03\/R5-300x212.jpg 300w, https:\/\/uncannypolitics.org\/wp-content\/uploads\/2025\/03\/R5-768x543.jpg 768w, https:\/\/uncannypolitics.org\/wp-content\/uploads\/2025\/03\/R5-1536x1086.jpg 1536w, https:\/\/uncannypolitics.org\/wp-content\/uploads\/2025\/03\/R5-2048x1448.jpg 2048w\" sizes=\"(max-width: 1024px) 100vw, 1024px\" \/><\/figure>\n\n\n\n<figure class=\"wp-block-image size-large\"><img decoding=\"async\" width=\"1024\" height=\"724\" data-id=\"576\" src=\"https:\/\/uncannypolitics.org\/wp-content\/uploads\/2025\/03\/R1-1024x724.jpg\" alt=\"\" class=\"wp-image-576\" srcset=\"https:\/\/uncannypolitics.org\/wp-content\/uploads\/2025\/03\/R1-1024x724.jpg 1024w, https:\/\/uncannypolitics.org\/wp-content\/uploads\/2025\/03\/R1-300x212.jpg 300w, https:\/\/uncannypolitics.org\/wp-content\/uploads\/2025\/03\/R1-768x543.jpg 768w, https:\/\/uncannypolitics.org\/wp-content\/uploads\/2025\/03\/R1-1536x1086.jpg 1536w, https:\/\/uncannypolitics.org\/wp-content\/uploads\/2025\/03\/R1-2048x1448.jpg 2048w\" sizes=\"(max-width: 1024px) 100vw, 1024px\" \/><\/figure>\n<\/figure>\n\n\n\n<figure class=\"wp-block-image size-large is-resized\"><img decoding=\"async\" width=\"1024\" height=\"724\" src=\"http:\/\/uncannypolitics.org\/wp-content\/uploads\/2025\/03\/R2-1024x724.jpg\" alt=\"\" class=\"wp-image-577\" style=\"width:1290px;height:auto\" srcset=\"https:\/\/uncannypolitics.org\/wp-content\/uploads\/2025\/03\/R2-1024x724.jpg 1024w, https:\/\/uncannypolitics.org\/wp-content\/uploads\/2025\/03\/R2-300x212.jpg 300w, https:\/\/uncannypolitics.org\/wp-content\/uploads\/2025\/03\/R2-768x543.jpg 768w, https:\/\/uncannypolitics.org\/wp-content\/uploads\/2025\/03\/R2-1536x1086.jpg 1536w, https:\/\/uncannypolitics.org\/wp-content\/uploads\/2025\/03\/R2-2048x1448.jpg 2048w\" sizes=\"(max-width: 1024px) 100vw, 1024px\" \/><\/figure>\n\n\n\n<p><em>Vital-Dynamic <\/em>analyse les origines de l&#8217;animation dans l&#8217;interd\u00e9pendance du souffle respiratoire et de l&#8217;\u00e2me (<em>anima)<\/em>. Le flux de la respiration se confond avec celui de l&#8217;animation dans un corps fragment\u00e9 par le dispositif filmique. Cette boucle r\u00e9cursive, perturb\u00e9e par la technologie, est incarn\u00e9e par un proc\u00e9d\u00e9 de glitch appel\u00e9 <em>slitscan<\/em>, consistant \u00e0 d\u00e9placer les frames lors de leurs num\u00e9risations. Il en r\u00e9sulte la r\u00e9v\u00e9lation troublante d&#8217;un \u00e9l\u00e9ment tierce dans le simulacre de vie et de mort. Une r\u00e9ification ext\u00e9rieure et automatique, une acc\u00e9l\u00e9ration du simulacre vers sa fin ou son commencement.  <\/p>\n","protected":false},"excerpt":{"rendered":"<p>2015 Mediums: stylo, papier, slitscan Vital-Dynamic analyse les origines de l&#8217;animation dans l&#8217;interd\u00e9pendance du souffle respiratoire et de l&#8217;\u00e2me (anima). Le flux de la respiration se confond avec celui de l&#8217;animation dans un corps fragment\u00e9 par le dispositif filmique. Cette boucle r\u00e9cursive, perturb\u00e9e par la technologie, est incarn\u00e9e par un proc\u00e9d\u00e9 de glitch appel\u00e9 slitscan, [&hellip;]<\/p>\n","protected":false},"author":1,"featured_media":0,"parent":187,"menu_order":0,"comment_status":"closed","ping_status":"closed","template":"","meta":{"footnotes":""},"class_list":["post-318","page","type-page","status-publish"],"_links":{"self":[{"href":"https:\/\/uncannypolitics.org\/index.php\/wp-json\/wp\/v2\/pages\/318","targetHints":{"allow":["GET"]}}],"collection":[{"href":"https:\/\/uncannypolitics.org\/index.php\/wp-json\/wp\/v2\/pages"}],"about":[{"href":"https:\/\/uncannypolitics.org\/index.php\/wp-json\/wp\/v2\/types\/page"}],"author":[{"embeddable":true,"href":"https:\/\/uncannypolitics.org\/index.php\/wp-json\/wp\/v2\/users\/1"}],"replies":[{"embeddable":true,"href":"https:\/\/uncannypolitics.org\/index.php\/wp-json\/wp\/v2\/comments?post=318"}],"version-history":[{"count":7,"href":"https:\/\/uncannypolitics.org\/index.php\/wp-json\/wp\/v2\/pages\/318\/revisions"}],"predecessor-version":[{"id":585,"href":"https:\/\/uncannypolitics.org\/index.php\/wp-json\/wp\/v2\/pages\/318\/revisions\/585"}],"up":[{"embeddable":true,"href":"https:\/\/uncannypolitics.org\/index.php\/wp-json\/wp\/v2\/pages\/187"}],"wp:attachment":[{"href":"https:\/\/uncannypolitics.org\/index.php\/wp-json\/wp\/v2\/media?parent=318"}],"curies":[{"name":"wp","href":"https:\/\/api.w.org\/{rel}","templated":true}]}}