{"id":259,"date":"2025-02-25T18:04:51","date_gmt":"2025-02-25T17:04:51","guid":{"rendered":"https:\/\/uncannypolitics.org\/?page_id=259"},"modified":"2025-11-13T18:36:48","modified_gmt":"2025-11-13T17:36:48","slug":"communications","status":"publish","type":"page","link":"https:\/\/uncannypolitics.org\/index.php\/recherche\/communications\/","title":{"rendered":"COMMUNICATIONS"},"content":{"rendered":"\n<ul class=\"wp-block-list\">\n<li>A. Ordonneau, <em>Subversion hatologique des musiques \u00e9lectroniques post-rave, du postmodernisme au m\u00e9ta-<br>modernisme, <\/em>Colloque Mutations Esth\u00e9tiques, corps, parole, image, Universit\u00e9 Rennes 2, 6 Septembre 2023<\/li>\n<\/ul>\n\n\n\n<p><\/p>\n\n\n\n<ul class=\"wp-block-list\">\n<li>A. Ordonneau, <em>Offrir un foyer au loup : le sentiment d\u2019inqui\u00e9tante \u00e9tranget\u00e9 comme outil d\u00e9croissant,<\/em><br>S\u00e9minaire Musique et d\u00e9croissance, MUSIDANSE, Universit\u00e9 Paris 8, 8 mars 2023<\/li>\n<\/ul>\n\n\n\n<p><\/p>\n\n\n\n<ul class=\"wp-block-list\">\n<li>A. Ordonneau, <em>Acid Communism,<\/em> Ateliers du Vent, Rennes, 3 Juillet 2021<\/li>\n<\/ul>\n\n\n\n<p><\/p>\n\n\n\n<ul class=\"wp-block-list\">\n<li>A. Ordonneau, <em>Sortir d\u2019une performativit\u00e9 de crise : entre subversion et acc\u00e9l\u00e9rationnisme, <\/em>Journ\u00e9e d\u2019\u00e9tude<br>Ad Hoc Subversion, une pens\u00e9e de la r\u00e9p\u00e9tition critique, Rennes, 15 Avril 2021<\/li>\n<\/ul>\n\n\n\n<p><\/p>\n\n\n\n<ul class=\"wp-block-list\">\n<li>A. Ordonneau, <em>Freaks and anarchy, the Haunted Revolution of Uncanny Electronic Music<\/em>, International<br>Colloquium Music and Resistance, Centre d\u2019\u00c9tude Opera Omnia Luigi Boccheriniof, Universit\u00e9 Autonome<br>de Barcelone, Lucca, 11-13 D\u00e9cembre 2020<\/li>\n<\/ul>\n\n\n\n<p><\/p>\n\n\n\n<ul class=\"wp-block-list\">\n<li>A. Ordonneau, <em>Unstoppable Decay and Relentless Hope, a Study of Alterity in Popular Culture<\/em>, Interna-<br>tional Colloquium Capitalist Realism, 10 Years\u2019 On, University of Huddersfield, 15-16 F\u00e9vrier 2020<\/li>\n<\/ul>\n\n\n\n<p><\/p>\n\n\n\n<ul class=\"wp-block-list\">\n<li>A. Ordonneau, <em>Des glitch aux freaks, paradoxes dialogiques des musiques \u00e9lectroniques hybrides,<\/em> Journ\u00e9e<br>Doctorale ALL D\u00e9truire &#8211; D\u00e9construire, CELLAM, Universit\u00e9 Rennes 2, 11 Avril 2019<\/li>\n<\/ul>\n\n\n\n<hr class=\"wp-block-separator has-alpha-channel-opacity\"\/>\n","protected":false},"excerpt":{"rendered":"","protected":false},"author":1,"featured_media":0,"parent":272,"menu_order":0,"comment_status":"closed","ping_status":"closed","template":"","meta":{"footnotes":""},"class_list":["post-259","page","type-page","status-publish"],"_links":{"self":[{"href":"https:\/\/uncannypolitics.org\/index.php\/wp-json\/wp\/v2\/pages\/259","targetHints":{"allow":["GET"]}}],"collection":[{"href":"https:\/\/uncannypolitics.org\/index.php\/wp-json\/wp\/v2\/pages"}],"about":[{"href":"https:\/\/uncannypolitics.org\/index.php\/wp-json\/wp\/v2\/types\/page"}],"author":[{"embeddable":true,"href":"https:\/\/uncannypolitics.org\/index.php\/wp-json\/wp\/v2\/users\/1"}],"replies":[{"embeddable":true,"href":"https:\/\/uncannypolitics.org\/index.php\/wp-json\/wp\/v2\/comments?post=259"}],"version-history":[{"count":9,"href":"https:\/\/uncannypolitics.org\/index.php\/wp-json\/wp\/v2\/pages\/259\/revisions"}],"predecessor-version":[{"id":967,"href":"https:\/\/uncannypolitics.org\/index.php\/wp-json\/wp\/v2\/pages\/259\/revisions\/967"}],"up":[{"embeddable":true,"href":"https:\/\/uncannypolitics.org\/index.php\/wp-json\/wp\/v2\/pages\/272"}],"wp:attachment":[{"href":"https:\/\/uncannypolitics.org\/index.php\/wp-json\/wp\/v2\/media?parent=259"}],"curies":[{"name":"wp","href":"https:\/\/api.w.org\/{rel}","templated":true}]}}