{"id":183,"date":"2025-02-25T16:08:16","date_gmt":"2025-02-25T15:08:16","guid":{"rendered":"https:\/\/uncannypolitics.org\/?page_id=183"},"modified":"2025-11-19T21:50:26","modified_gmt":"2025-11-19T20:50:26","slug":"deephome","status":"publish","type":"page","link":"https:\/\/uncannypolitics.org\/index.php\/creations\/installations\/deephome\/","title":{"rendered":"DEEPHOME"},"content":{"rendered":"\n<hr class=\"wp-block-separator has-alpha-channel-opacity\"\/>\n\n\n\n<div class=\"wp-block-media-text is-stacked-on-mobile\" style=\"grid-template-columns:85% auto\"><figure class=\"wp-block-media-text__media\"><img decoding=\"async\" width=\"726\" height=\"584\" src=\"http:\/\/uncannypolitics.org\/wp-content\/uploads\/2025\/02\/Screenshot-from-2024-11-19-15-03-54.png\" alt=\"\" class=\"wp-image-307 size-full\" srcset=\"https:\/\/uncannypolitics.org\/wp-content\/uploads\/2025\/02\/Screenshot-from-2024-11-19-15-03-54.png 726w, https:\/\/uncannypolitics.org\/wp-content\/uploads\/2025\/02\/Screenshot-from-2024-11-19-15-03-54-300x241.png 300w\" sizes=\"(max-width: 726px) 100vw, 726px\" \/><\/figure><div class=\"wp-block-media-text__content\">\n<p><\/p>\n<\/div><\/div>\n\n\n\n<p><strong>2022<\/strong><\/p>\n\n\n\n<p>Installation immersive<\/p>\n\n\n\n<p>M\u00e9diums : t\u00e9l\u00e9vision cathodique, <em>deepfake<\/em>, lecteur DVD, dimmer, lampe, mobilier<\/p>\n\n\n\n<figure class=\"wp-block-gallery has-nested-images columns-default is-cropped wp-block-gallery-1 is-layout-flex wp-block-gallery-is-layout-flex\">\n<figure class=\"wp-block-image size-large\"><img decoding=\"async\" width=\"718\" height=\"579\" data-id=\"312\" src=\"https:\/\/uncannypolitics.org\/wp-content\/uploads\/2025\/02\/Screenshot-from-2024-11-19-15-04-27.png\" alt=\"\" class=\"wp-image-312\" srcset=\"https:\/\/uncannypolitics.org\/wp-content\/uploads\/2025\/02\/Screenshot-from-2024-11-19-15-04-27.png 718w, https:\/\/uncannypolitics.org\/wp-content\/uploads\/2025\/02\/Screenshot-from-2024-11-19-15-04-27-300x242.png 300w\" sizes=\"(max-width: 718px) 100vw, 718px\" \/><\/figure>\n\n\n\n<figure class=\"wp-block-image size-large\"><img decoding=\"async\" width=\"725\" height=\"584\" data-id=\"308\" src=\"https:\/\/uncannypolitics.org\/wp-content\/uploads\/2025\/02\/Screenshot-from-2024-11-19-15-04-05.png\" alt=\"\" class=\"wp-image-308\" srcset=\"https:\/\/uncannypolitics.org\/wp-content\/uploads\/2025\/02\/Screenshot-from-2024-11-19-15-04-05.png 725w, https:\/\/uncannypolitics.org\/wp-content\/uploads\/2025\/02\/Screenshot-from-2024-11-19-15-04-05-300x242.png 300w\" sizes=\"(max-width: 725px) 100vw, 725px\" \/><\/figure>\n\n\n\n<figure class=\"wp-block-image size-full\"><img decoding=\"async\" width=\"717\" height=\"574\" data-id=\"309\" src=\"http:\/\/uncannypolitics.org\/wp-content\/uploads\/2025\/02\/Screenshot-from-2024-11-19-15-04-09.png\" alt=\"\" class=\"wp-image-309\" srcset=\"https:\/\/uncannypolitics.org\/wp-content\/uploads\/2025\/02\/Screenshot-from-2024-11-19-15-04-09.png 717w, https:\/\/uncannypolitics.org\/wp-content\/uploads\/2025\/02\/Screenshot-from-2024-11-19-15-04-09-300x240.png 300w\" sizes=\"(max-width: 717px) 100vw, 717px\" \/><\/figure>\n<\/figure>\n\n\n\n<figure class=\"wp-block-embed is-type-video is-provider-youtube wp-block-embed-youtube wp-embed-aspect-16-9 wp-has-aspect-ratio\"><div class=\"wp-block-embed__wrapper\">\n<iframe loading=\"lazy\" title=\"DEEPHOME\" width=\"500\" height=\"281\" src=\"https:\/\/www.youtube.com\/embed\/c58chkhIotg?feature=oembed\" frameborder=\"0\" allow=\"accelerometer; autoplay; clipboard-write; encrypted-media; gyroscope; picture-in-picture; web-share\" referrerpolicy=\"strict-origin-when-cross-origin\" allowfullscreen><\/iframe>\n<\/div><\/figure>\n\n\n\n<figure class=\"wp-block-gallery has-nested-images columns-default is-cropped wp-block-gallery-2 is-layout-flex wp-block-gallery-is-layout-flex\">\n<figure class=\"wp-block-image size-large\"><img decoding=\"async\" width=\"724\" height=\"586\" data-id=\"313\" src=\"https:\/\/uncannypolitics.org\/wp-content\/uploads\/2025\/02\/Screenshot-from-2024-11-19-15-04-33.png\" alt=\"\" class=\"wp-image-313\" srcset=\"https:\/\/uncannypolitics.org\/wp-content\/uploads\/2025\/02\/Screenshot-from-2024-11-19-15-04-33.png 724w, https:\/\/uncannypolitics.org\/wp-content\/uploads\/2025\/02\/Screenshot-from-2024-11-19-15-04-33-300x243.png 300w\" sizes=\"(max-width: 724px) 100vw, 724px\" \/><\/figure>\n\n\n\n<figure class=\"wp-block-image size-large\"><img decoding=\"async\" width=\"715\" height=\"580\" data-id=\"310\" src=\"https:\/\/uncannypolitics.org\/wp-content\/uploads\/2025\/02\/Screenshot-from-2024-11-19-15-04-16.png\" alt=\"\" class=\"wp-image-310\" srcset=\"https:\/\/uncannypolitics.org\/wp-content\/uploads\/2025\/02\/Screenshot-from-2024-11-19-15-04-16.png 715w, https:\/\/uncannypolitics.org\/wp-content\/uploads\/2025\/02\/Screenshot-from-2024-11-19-15-04-16-300x243.png 300w\" sizes=\"(max-width: 715px) 100vw, 715px\" \/><\/figure>\n<\/figure>\n\n\n\n<figure class=\"wp-block-image size-large is-resized\"><img decoding=\"async\" width=\"2394\" height=\"1596\" src=\"https:\/\/uncannypolitics.org\/wp-content\/uploads\/2025\/02\/10_09_2022ADV-8-1-edited.jpg\" alt=\"\" class=\"wp-image-400\" style=\"width:1194px;height:auto\" srcset=\"https:\/\/uncannypolitics.org\/wp-content\/uploads\/2025\/02\/10_09_2022ADV-8-1-edited.jpg 2394w, https:\/\/uncannypolitics.org\/wp-content\/uploads\/2025\/02\/10_09_2022ADV-8-1-edited-300x200.jpg 300w, https:\/\/uncannypolitics.org\/wp-content\/uploads\/2025\/02\/10_09_2022ADV-8-1-edited-1024x683.jpg 1024w, https:\/\/uncannypolitics.org\/wp-content\/uploads\/2025\/02\/10_09_2022ADV-8-1-edited-768x512.jpg 768w, https:\/\/uncannypolitics.org\/wp-content\/uploads\/2025\/02\/10_09_2022ADV-8-1-edited-1536x1024.jpg 1536w, https:\/\/uncannypolitics.org\/wp-content\/uploads\/2025\/02\/10_09_2022ADV-8-1-edited-2048x1365.jpg 2048w\" sizes=\"(max-width: 2394px) 100vw, 2394px\" \/><\/figure>\n\n\n\n<p>La chaleur du salon nous accueille, mais celui-ci appara\u00eet progressivement mena\u00e7ant. L&#8217;odeur est un m\u00e9lange d&#8217;encens et de mort. Les appareils \u00e9lectroniques obsol\u00e8tes dysfonctionnent. Les fleurs s\u00e9ch\u00e9es se m\u00ealent aux fleurs en plastiques. Des lignes de fuites nous transpercent entre le tapis bourgeois, les oreillers kitsch et le crapeau napol\u00e9on III.<\/p>\n\n\n\n<p>La t\u00e9l\u00e9vision cathodique s&#8217;allume : \u00ab D\u00e9claration du pr\u00e9sident de la r\u00e9publique \u00bb. Impression de d\u00e9j\u00e0-vu. Le souverain appara\u00eet, mais quelque chose ne va pas. Ou plut\u00f4t, tout va bien. Tout se passe exactement comme cela devrait se passer. Un visage livide, perdu, nous fixe. Il r\u00e9siste mais on ne sait \u00e0 quoi. Peut-\u00eatre \u00e0 sa fin. Annonc\u00e9e dans ce salon.<\/p>\n\n\n\n<p>Comme ces gla\u00e7ons qui fondent \u00e9ternellement dans un seau \u00e0 champagne, la fin n&#8217;arrive pas. Sur une carte du monde devant nous, se r\u00e9pand un monticule de cendres.Bastet nous observe depuis l&#8217;obscurit\u00e9 \u00e0 c\u00f4t\u00e9 des \u00e9lixirs du diable. L&#8217;int\u00e9rieur du salon pointe vers l&#8217;ext\u00e9rieur. Le reflet d&#8217;un fant\u00f4me appara\u00eet parfois sur l&#8217;\u00e9cran de t\u00e9l\u00e9 quand celle-ci glitch. Le son d&#8217;un vent sans souffle caresse l&#8217;arri\u00e8re de nos oreilles.<\/p>\n\n\n\n<p>Tous ces signes portent un sens. Un double sens. Le pouvoir se d\u00e9compose. Au fur et \u00e0 mesure qu&#8217;il quitte la familiarit\u00e9 de nos imaginaires futurs, le voil\u00e0 emportant tout dans sa cadav\u00e9risation. Le visage pr\u00e9sidentiel est simul\u00e9 par un deepfake dont les input sont ceux de pilotes tournoyants dans des centrifugeuse, pour entra\u00eener leur corps jusqu&#8217;aux limites de leurs capacit\u00e9s.<\/p>\n\n\n\n<p>Le discours silencieux semble r\u00e9sister \u00e0 un \u00e9trange exorcisme. Le visage se contorsionne, r\u00e9siste. Il transpire, se noie, g\u00e9mit. Il jouit. Sur la banni\u00e8re t\u00e9l\u00e9visuelle est diffus\u00e9 les mots les plus souvent prononc\u00e9s lors des discours pr\u00e9sidentiels depuis la crise sanitaire de 2020. Le public est parfois amus\u00e9, parfois effray\u00e9. Il comprend bien qu&#8217;il ne s&#8217;agit pas seulement d&#8217;une personne, mais d&#8217;un monde.<\/p>\n","protected":false},"excerpt":{"rendered":"<p>2022 Installation immersive M\u00e9diums : t\u00e9l\u00e9vision cathodique, deepfake, lecteur DVD, dimmer, lampe, mobilier La chaleur du salon nous accueille, mais celui-ci appara\u00eet progressivement mena\u00e7ant. L&#8217;odeur est un m\u00e9lange d&#8217;encens et de mort. Les appareils \u00e9lectroniques obsol\u00e8tes dysfonctionnent. Les fleurs s\u00e9ch\u00e9es se m\u00ealent aux fleurs en plastiques. Des lignes de fuites nous transpercent entre le tapis [&hellip;]<\/p>\n","protected":false},"author":1,"featured_media":0,"parent":185,"menu_order":0,"comment_status":"closed","ping_status":"closed","template":"","meta":{"footnotes":""},"class_list":["post-183","page","type-page","status-publish"],"_links":{"self":[{"href":"https:\/\/uncannypolitics.org\/index.php\/wp-json\/wp\/v2\/pages\/183","targetHints":{"allow":["GET"]}}],"collection":[{"href":"https:\/\/uncannypolitics.org\/index.php\/wp-json\/wp\/v2\/pages"}],"about":[{"href":"https:\/\/uncannypolitics.org\/index.php\/wp-json\/wp\/v2\/types\/page"}],"author":[{"embeddable":true,"href":"https:\/\/uncannypolitics.org\/index.php\/wp-json\/wp\/v2\/users\/1"}],"replies":[{"embeddable":true,"href":"https:\/\/uncannypolitics.org\/index.php\/wp-json\/wp\/v2\/comments?post=183"}],"version-history":[{"count":22,"href":"https:\/\/uncannypolitics.org\/index.php\/wp-json\/wp\/v2\/pages\/183\/revisions"}],"predecessor-version":[{"id":973,"href":"https:\/\/uncannypolitics.org\/index.php\/wp-json\/wp\/v2\/pages\/183\/revisions\/973"}],"up":[{"embeddable":true,"href":"https:\/\/uncannypolitics.org\/index.php\/wp-json\/wp\/v2\/pages\/185"}],"wp:attachment":[{"href":"https:\/\/uncannypolitics.org\/index.php\/wp-json\/wp\/v2\/media?parent=183"}],"curies":[{"name":"wp","href":"https:\/\/api.w.org\/{rel}","templated":true}]}}