{"id":170,"date":"2025-02-25T14:05:10","date_gmt":"2025-02-25T13:05:10","guid":{"rendered":"https:\/\/uncannypolitics.org\/?page_id=170"},"modified":"2025-11-19T21:50:01","modified_gmt":"2025-11-19T20:50:01","slug":"breitbart-doctrine","status":"publish","type":"page","link":"https:\/\/uncannypolitics.org\/index.php\/creations\/installations\/breitbart-doctrine\/","title":{"rendered":"Breitbart Doctrine"},"content":{"rendered":"\n<hr class=\"wp-block-separator has-alpha-channel-opacity\"\/>\n\n\n\n<div class=\"wp-block-media-text is-stacked-on-mobile\" style=\"grid-template-columns:85% auto\"><figure class=\"wp-block-media-text__media\"><img decoding=\"async\" width=\"1024\" height=\"621\" src=\"http:\/\/uncannypolitics.org\/wp-content\/uploads\/2025\/02\/BD2-1024x621.jpg\" alt=\"\" class=\"wp-image-135 size-full\" srcset=\"https:\/\/uncannypolitics.org\/wp-content\/uploads\/2025\/02\/BD2-1024x621.jpg 1024w, https:\/\/uncannypolitics.org\/wp-content\/uploads\/2025\/02\/BD2-300x182.jpg 300w, https:\/\/uncannypolitics.org\/wp-content\/uploads\/2025\/02\/BD2-768x465.jpg 768w, https:\/\/uncannypolitics.org\/wp-content\/uploads\/2025\/02\/BD2-1536x931.jpg 1536w, https:\/\/uncannypolitics.org\/wp-content\/uploads\/2025\/02\/BD2-2048x1241.jpg 2048w\" sizes=\"(max-width: 1024px) 100vw, 1024px\" \/><\/figure><div class=\"wp-block-media-text__content\">\n<p><\/p>\n\n\n\n<p><\/p>\n<\/div><\/div>\n\n\n\n<p><strong>2020<\/strong><\/p>\n\n\n\n<p>Assemblage, collaboration avec l&#8217;artiste Marin Esnault<\/p>\n\n\n\n<p>Mediums: nano-ordinateur, programme informatique, tubes fluorescent, \u00e9crans, cage<\/p>\n\n\n\n<figure class=\"wp-block-embed is-type-video is-provider-youtube wp-block-embed-youtube wp-embed-aspect-16-9 wp-has-aspect-ratio\"><div class=\"wp-block-embed__wrapper\">\n<iframe loading=\"lazy\" title=\"Breitbart Doctrine A1\" width=\"500\" height=\"281\" src=\"https:\/\/www.youtube.com\/embed\/xQNteiBs4SU?feature=oembed\" frameborder=\"0\" allow=\"accelerometer; autoplay; clipboard-write; encrypted-media; gyroscope; picture-in-picture; web-share\" referrerpolicy=\"strict-origin-when-cross-origin\" allowfullscreen><\/iframe>\n<\/div><\/figure>\n\n\n\n<figure class=\"wp-block-gallery has-nested-images columns-default is-cropped wp-block-gallery-1 is-layout-flex wp-block-gallery-is-layout-flex\">\n<figure class=\"wp-block-image size-large\"><img decoding=\"async\" width=\"1024\" height=\"768\" data-id=\"417\" src=\"https:\/\/uncannypolitics.org\/wp-content\/uploads\/2025\/02\/P1702230-1024x768.jpg\" alt=\"\" class=\"wp-image-417\" srcset=\"https:\/\/uncannypolitics.org\/wp-content\/uploads\/2025\/02\/P1702230-1024x768.jpg 1024w, https:\/\/uncannypolitics.org\/wp-content\/uploads\/2025\/02\/P1702230-300x225.jpg 300w, https:\/\/uncannypolitics.org\/wp-content\/uploads\/2025\/02\/P1702230-768x576.jpg 768w, https:\/\/uncannypolitics.org\/wp-content\/uploads\/2025\/02\/P1702230-1536x1152.jpg 1536w, https:\/\/uncannypolitics.org\/wp-content\/uploads\/2025\/02\/P1702230-2048x1536.jpg 2048w\" sizes=\"(max-width: 1024px) 100vw, 1024px\" \/><\/figure>\n\n\n\n<figure class=\"wp-block-image size-large\"><img decoding=\"async\" width=\"1024\" height=\"768\" data-id=\"416\" src=\"https:\/\/uncannypolitics.org\/wp-content\/uploads\/2025\/02\/P1702128-edited-1024x768.jpg\" alt=\"\" class=\"wp-image-416\" srcset=\"https:\/\/uncannypolitics.org\/wp-content\/uploads\/2025\/02\/P1702128-edited-1024x768.jpg 1024w, https:\/\/uncannypolitics.org\/wp-content\/uploads\/2025\/02\/P1702128-edited-300x225.jpg 300w, https:\/\/uncannypolitics.org\/wp-content\/uploads\/2025\/02\/P1702128-edited-768x576.jpg 768w, https:\/\/uncannypolitics.org\/wp-content\/uploads\/2025\/02\/P1702128-edited-1536x1152.jpg 1536w, https:\/\/uncannypolitics.org\/wp-content\/uploads\/2025\/02\/P1702128-edited-2048x1536.jpg 2048w\" sizes=\"(max-width: 1024px) 100vw, 1024px\" \/><\/figure>\n<\/figure>\n\n\n\n<figure class=\"wp-block-embed is-type-video is-provider-youtube wp-block-embed-youtube wp-embed-aspect-16-9 wp-has-aspect-ratio\"><div class=\"wp-block-embed__wrapper\">\n<iframe loading=\"lazy\" title=\"BREITBART DOCTRINE\" width=\"500\" height=\"281\" src=\"https:\/\/www.youtube.com\/embed\/VnPBMDCXrvw?feature=oembed\" frameborder=\"0\" allow=\"accelerometer; autoplay; clipboard-write; encrypted-media; gyroscope; picture-in-picture; web-share\" referrerpolicy=\"strict-origin-when-cross-origin\" allowfullscreen><\/iframe>\n<\/div><\/figure>\n\n\n\n<p>Photographies et vid\u00e9os par Clemence Lesn\u00e9<\/p>\n\n\n\n<figure class=\"wp-block-gallery has-nested-images columns-default is-cropped wp-block-gallery-2 is-layout-flex wp-block-gallery-is-layout-flex\">\n<figure class=\"wp-block-image size-large\"><img decoding=\"async\" width=\"753\" height=\"804\" data-id=\"513\" src=\"https:\/\/uncannypolitics.org\/wp-content\/uploads\/2025\/03\/Screenshot-from-2025-03-02-01-31-17.png\" alt=\"\" class=\"wp-image-513\" srcset=\"https:\/\/uncannypolitics.org\/wp-content\/uploads\/2025\/03\/Screenshot-from-2025-03-02-01-31-17.png 753w, https:\/\/uncannypolitics.org\/wp-content\/uploads\/2025\/03\/Screenshot-from-2025-03-02-01-31-17-281x300.png 281w\" sizes=\"(max-width: 753px) 100vw, 753px\" \/><\/figure>\n\n\n\n<figure class=\"wp-block-image size-large\"><img decoding=\"async\" width=\"799\" height=\"748\" data-id=\"512\" src=\"https:\/\/uncannypolitics.org\/wp-content\/uploads\/2025\/03\/Screenshot-from-2025-03-02-01-31-24.png\" alt=\"\" class=\"wp-image-512\" srcset=\"https:\/\/uncannypolitics.org\/wp-content\/uploads\/2025\/03\/Screenshot-from-2025-03-02-01-31-24.png 799w, https:\/\/uncannypolitics.org\/wp-content\/uploads\/2025\/03\/Screenshot-from-2025-03-02-01-31-24-300x281.png 300w, https:\/\/uncannypolitics.org\/wp-content\/uploads\/2025\/03\/Screenshot-from-2025-03-02-01-31-24-768x719.png 768w\" sizes=\"(max-width: 799px) 100vw, 799px\" \/><\/figure>\n\n\n\n<figure class=\"wp-block-image size-large\"><img decoding=\"async\" width=\"803\" height=\"758\" data-id=\"511\" src=\"https:\/\/uncannypolitics.org\/wp-content\/uploads\/2025\/03\/Screenshot-from-2025-03-02-01-31-29.png\" alt=\"\" class=\"wp-image-511\" srcset=\"https:\/\/uncannypolitics.org\/wp-content\/uploads\/2025\/03\/Screenshot-from-2025-03-02-01-31-29.png 803w, https:\/\/uncannypolitics.org\/wp-content\/uploads\/2025\/03\/Screenshot-from-2025-03-02-01-31-29-300x283.png 300w, https:\/\/uncannypolitics.org\/wp-content\/uploads\/2025\/03\/Screenshot-from-2025-03-02-01-31-29-768x725.png 768w\" sizes=\"(max-width: 803px) 100vw, 803px\" \/><\/figure>\n<\/figure>\n\n\n\n<figure class=\"wp-block-gallery has-nested-images columns-default is-cropped wp-block-gallery-3 is-layout-flex wp-block-gallery-is-layout-flex\">\n<figure class=\"wp-block-image size-large\"><img decoding=\"async\" width=\"750\" height=\"811\" data-id=\"515\" src=\"https:\/\/uncannypolitics.org\/wp-content\/uploads\/2025\/03\/Screenshot-from-2025-03-02-01-31-44.png\" alt=\"\" class=\"wp-image-515\" srcset=\"https:\/\/uncannypolitics.org\/wp-content\/uploads\/2025\/03\/Screenshot-from-2025-03-02-01-31-44.png 750w, https:\/\/uncannypolitics.org\/wp-content\/uploads\/2025\/03\/Screenshot-from-2025-03-02-01-31-44-277x300.png 277w\" sizes=\"(max-width: 750px) 100vw, 750px\" \/><\/figure>\n\n\n\n<figure class=\"wp-block-image size-large\"><img decoding=\"async\" width=\"586\" height=\"801\" data-id=\"514\" src=\"https:\/\/uncannypolitics.org\/wp-content\/uploads\/2025\/03\/Screenshot-from-2025-03-02-01-31-56.png\" alt=\"\" class=\"wp-image-514\" srcset=\"https:\/\/uncannypolitics.org\/wp-content\/uploads\/2025\/03\/Screenshot-from-2025-03-02-01-31-56.png 586w, https:\/\/uncannypolitics.org\/wp-content\/uploads\/2025\/03\/Screenshot-from-2025-03-02-01-31-56-219x300.png 219w\" sizes=\"(max-width: 586px) 100vw, 586px\" \/><\/figure>\n<\/figure>\n\n\n\n<p><\/p>\n\n\n\n<p>Au travers de la cage, des images d\u00e9filent sur les \u00e9crans. Contenues par le battement m\u00e9canique de la lumi\u00e8re, elles semblent se confondre, se tordre et se transformer au rythme du son. La teinte chirurgicale de la lumi\u00e8re, les images rappelant des coupes m\u00e9dicales, et la voix qui nous parle semblent nous plonger dans un laboratoire d&#8217;une sombre nature.<\/p>\n\n\n\n<p>C&#8217;est pourtant une autre exp\u00e9rimentation qui est \u00e0 l&#8217;\u0153uvre ici : \u00ab <em>Data Driven Behavior Change \u00bb <\/em>(Changer le comportement par l&#8217;utilisation de donn\u00e9es)<\/p>\n\n\n\n<p>Tel est le slogan de la soci\u00e9t\u00e9 anglaise Cambridge Analytica, dont l\u2019utilisation de donn\u00e9es personnelles, en lien \u00e9troit avec FaceBook, \u00e0 influencer un nombre consid\u00e9rable d&#8217;\u00e9lections \u00e0 travers le monde, notamment en 2016 avec celle de Donald Trump et le vote du Brexit.<\/p>\n\n\n\n<p>Les fragments lointains de la voix de Christopher Wiley \u2013 lanceur d\u2019alerte, ex salari\u00e9 de l\u2019entreprise \u2013 nous rappellent l\u2019importance que l&#8217;agr\u00e9gation et l&#8217;utilisation des donn\u00e9es personnelles ont pris dans nos vies \u00e0 toutes les \u00e9chelles.<\/p>\n\n\n\n<figure class=\"wp-block-embed is-type-video is-provider-youtube wp-block-embed-youtube wp-embed-aspect-4-3 wp-has-aspect-ratio\"><div class=\"wp-block-embed__wrapper\">\n<iframe loading=\"lazy\" title=\"Breitbart Doctrine animation\" width=\"500\" height=\"375\" src=\"https:\/\/www.youtube.com\/embed\/Yz2RSYWFZng?feature=oembed\" frameborder=\"0\" allow=\"accelerometer; autoplay; clipboard-write; encrypted-media; gyroscope; picture-in-picture; web-share\" referrerpolicy=\"strict-origin-when-cross-origin\" allowfullscreen><\/iframe>\n<\/div><\/figure>\n\n\n\n<p><\/p>\n","protected":false},"excerpt":{"rendered":"<p>2020 Assemblage, collaboration avec l&#8217;artiste Marin Esnault Mediums: nano-ordinateur, programme informatique, tubes fluorescent, \u00e9crans, cage Photographies et vid\u00e9os par Clemence Lesn\u00e9 Au travers de la cage, des images d\u00e9filent sur les \u00e9crans. Contenues par le battement m\u00e9canique de la lumi\u00e8re, elles semblent se confondre, se tordre et se transformer au rythme du son. La teinte [&hellip;]<\/p>\n","protected":false},"author":1,"featured_media":0,"parent":185,"menu_order":0,"comment_status":"closed","ping_status":"closed","template":"","meta":{"footnotes":""},"class_list":["post-170","page","type-page","status-publish"],"_links":{"self":[{"href":"https:\/\/uncannypolitics.org\/index.php\/wp-json\/wp\/v2\/pages\/170","targetHints":{"allow":["GET"]}}],"collection":[{"href":"https:\/\/uncannypolitics.org\/index.php\/wp-json\/wp\/v2\/pages"}],"about":[{"href":"https:\/\/uncannypolitics.org\/index.php\/wp-json\/wp\/v2\/types\/page"}],"author":[{"embeddable":true,"href":"https:\/\/uncannypolitics.org\/index.php\/wp-json\/wp\/v2\/users\/1"}],"replies":[{"embeddable":true,"href":"https:\/\/uncannypolitics.org\/index.php\/wp-json\/wp\/v2\/comments?post=170"}],"version-history":[{"count":23,"href":"https:\/\/uncannypolitics.org\/index.php\/wp-json\/wp\/v2\/pages\/170\/revisions"}],"predecessor-version":[{"id":972,"href":"https:\/\/uncannypolitics.org\/index.php\/wp-json\/wp\/v2\/pages\/170\/revisions\/972"}],"up":[{"embeddable":true,"href":"https:\/\/uncannypolitics.org\/index.php\/wp-json\/wp\/v2\/pages\/185"}],"wp:attachment":[{"href":"https:\/\/uncannypolitics.org\/index.php\/wp-json\/wp\/v2\/media?parent=170"}],"curies":[{"name":"wp","href":"https:\/\/api.w.org\/{rel}","templated":true}]}}