{"id":161,"date":"2025-02-25T13:53:52","date_gmt":"2025-02-25T12:53:52","guid":{"rendered":"https:\/\/uncannypolitics.org\/?page_id=161"},"modified":"2025-11-19T21:51:10","modified_gmt":"2025-11-19T20:51:10","slug":"zone","status":"publish","type":"page","link":"https:\/\/uncannypolitics.org\/index.php\/creations\/installations\/zone\/","title":{"rendered":"ZONE"},"content":{"rendered":"\n<hr class=\"wp-block-separator has-alpha-channel-opacity\"\/>\n\n\n\n<div class=\"wp-block-media-text is-stacked-on-mobile\" style=\"grid-template-columns:85% auto\"><figure class=\"wp-block-media-text__media\"><img decoding=\"async\" width=\"1024\" height=\"683\" src=\"http:\/\/uncannypolitics.org\/wp-content\/uploads\/2025\/02\/Zone-Ordonneau-3-1-1024x683.jpg\" alt=\"\" class=\"wp-image-87 size-full\" srcset=\"https:\/\/uncannypolitics.org\/wp-content\/uploads\/2025\/02\/Zone-Ordonneau-3-1-1024x683.jpg 1024w, https:\/\/uncannypolitics.org\/wp-content\/uploads\/2025\/02\/Zone-Ordonneau-3-1-300x200.jpg 300w, https:\/\/uncannypolitics.org\/wp-content\/uploads\/2025\/02\/Zone-Ordonneau-3-1-768x512.jpg 768w, https:\/\/uncannypolitics.org\/wp-content\/uploads\/2025\/02\/Zone-Ordonneau-3-1-1536x1024.jpg 1536w\" sizes=\"(max-width: 1024px) 100vw, 1024px\" \/><\/figure><div class=\"wp-block-media-text__content\">\n<p><\/p>\n<\/div><\/div>\n\n\n\n<h2 class=\"wp-block-heading\"><strong>2024<\/strong><\/h2>\n\n\n\n<p>Installation immersive, participative et in situ<\/p>\n\n\n\n<p>R\u00e9alis\u00e9e avec le soutien de l&#8217;\u00c9cole Universitaire de Recherche <em>Creative Approach to Public Space<\/em>s<\/p>\n\n\n\n<p>M\u00e9diums : faux panneau de chantier, AI, plantes, mobilier, structures m\u00e9talliques, nano-ordinateur, enceintes<\/p>\n\n\n\n<figure class=\"wp-block-gallery has-nested-images columns-default is-cropped wp-block-gallery-1 is-layout-flex wp-block-gallery-is-layout-flex\">\n<figure class=\"wp-block-image size-large\"><img decoding=\"async\" width=\"1024\" height=\"683\" data-id=\"96\" src=\"http:\/\/uncannypolitics.org\/wp-content\/uploads\/2025\/02\/DSC00739-1024x683.jpg\" alt=\"\" class=\"wp-image-96\" srcset=\"https:\/\/uncannypolitics.org\/wp-content\/uploads\/2025\/02\/DSC00739-1024x683.jpg 1024w, https:\/\/uncannypolitics.org\/wp-content\/uploads\/2025\/02\/DSC00739-300x200.jpg 300w, https:\/\/uncannypolitics.org\/wp-content\/uploads\/2025\/02\/DSC00739-768x512.jpg 768w, https:\/\/uncannypolitics.org\/wp-content\/uploads\/2025\/02\/DSC00739-1536x1024.jpg 1536w, https:\/\/uncannypolitics.org\/wp-content\/uploads\/2025\/02\/DSC00739-2048x1365.jpg 2048w\" sizes=\"(max-width: 1024px) 100vw, 1024px\" \/><\/figure>\n\n\n\n<figure class=\"wp-block-image size-large\"><img decoding=\"async\" width=\"683\" height=\"1024\" data-id=\"97\" src=\"https:\/\/uncannypolitics.org\/wp-content\/uploads\/2025\/02\/DSC00742-683x1024.jpg\" alt=\"\" class=\"wp-image-97\" srcset=\"https:\/\/uncannypolitics.org\/wp-content\/uploads\/2025\/02\/DSC00742-683x1024.jpg 683w, https:\/\/uncannypolitics.org\/wp-content\/uploads\/2025\/02\/DSC00742-200x300.jpg 200w, https:\/\/uncannypolitics.org\/wp-content\/uploads\/2025\/02\/DSC00742-768x1152.jpg 768w, https:\/\/uncannypolitics.org\/wp-content\/uploads\/2025\/02\/DSC00742-1024x1536.jpg 1024w, https:\/\/uncannypolitics.org\/wp-content\/uploads\/2025\/02\/DSC00742-1365x2048.jpg 1365w, https:\/\/uncannypolitics.org\/wp-content\/uploads\/2025\/02\/DSC00742-scaled.jpg 1706w\" sizes=\"(max-width: 683px) 100vw, 683px\" \/><\/figure>\n<\/figure>\n\n\n\n<figure class=\"wp-block-gallery has-nested-images columns-default is-cropped wp-block-gallery-2 is-layout-flex wp-block-gallery-is-layout-flex\">\n<figure class=\"wp-block-image size-large\"><img decoding=\"async\" width=\"1024\" height=\"683\" data-id=\"94\" src=\"https:\/\/uncannypolitics.org\/wp-content\/uploads\/2025\/02\/Zone-Ordonneau-4-1024x683.jpg\" alt=\"\" class=\"wp-image-94\" srcset=\"https:\/\/uncannypolitics.org\/wp-content\/uploads\/2025\/02\/Zone-Ordonneau-4-1024x683.jpg 1024w, https:\/\/uncannypolitics.org\/wp-content\/uploads\/2025\/02\/Zone-Ordonneau-4-300x200.jpg 300w, https:\/\/uncannypolitics.org\/wp-content\/uploads\/2025\/02\/Zone-Ordonneau-4-768x512.jpg 768w, https:\/\/uncannypolitics.org\/wp-content\/uploads\/2025\/02\/Zone-Ordonneau-4-1536x1024.jpg 1536w, https:\/\/uncannypolitics.org\/wp-content\/uploads\/2025\/02\/Zone-Ordonneau-4-2048x1365.jpg 2048w\" sizes=\"(max-width: 1024px) 100vw, 1024px\" \/><\/figure>\n\n\n\n<figure class=\"wp-block-image size-large\"><img decoding=\"async\" width=\"1024\" height=\"682\" data-id=\"98\" src=\"http:\/\/uncannypolitics.org\/wp-content\/uploads\/2025\/02\/DSC00743-1024x682.jpg\" alt=\"\" class=\"wp-image-98\" srcset=\"https:\/\/uncannypolitics.org\/wp-content\/uploads\/2025\/02\/DSC00743-1024x682.jpg 1024w, https:\/\/uncannypolitics.org\/wp-content\/uploads\/2025\/02\/DSC00743-300x200.jpg 300w, https:\/\/uncannypolitics.org\/wp-content\/uploads\/2025\/02\/DSC00743-768x512.jpg 768w, https:\/\/uncannypolitics.org\/wp-content\/uploads\/2025\/02\/DSC00743-1536x1023.jpg 1536w, https:\/\/uncannypolitics.org\/wp-content\/uploads\/2025\/02\/DSC00743-2048x1365.jpg 2048w\" sizes=\"(max-width: 1024px) 100vw, 1024px\" \/><\/figure>\n<\/figure>\n\n\n\n<div class=\"wp-block-media-text is-stacked-on-mobile\" style=\"grid-template-columns:85% auto\"><figure class=\"wp-block-media-text__media\"><img decoding=\"async\" width=\"1024\" height=\"683\" src=\"http:\/\/uncannypolitics.org\/wp-content\/uploads\/2025\/02\/DSC00746-1024x683.jpg\" alt=\"\" class=\"wp-image-99 size-full\" srcset=\"https:\/\/uncannypolitics.org\/wp-content\/uploads\/2025\/02\/DSC00746-1024x683.jpg 1024w, https:\/\/uncannypolitics.org\/wp-content\/uploads\/2025\/02\/DSC00746-300x200.jpg 300w, https:\/\/uncannypolitics.org\/wp-content\/uploads\/2025\/02\/DSC00746-768x512.jpg 768w, https:\/\/uncannypolitics.org\/wp-content\/uploads\/2025\/02\/DSC00746-1536x1024.jpg 1536w, https:\/\/uncannypolitics.org\/wp-content\/uploads\/2025\/02\/DSC00746-2048x1365.jpg 2048w\" sizes=\"(max-width: 1024px) 100vw, 1024px\" \/><\/figure><div class=\"wp-block-media-text__content\">\n<p><\/p>\n<\/div><\/div>\n\n\n\n<figure class=\"wp-block-gallery has-nested-images columns-default is-cropped wp-block-gallery-3 is-layout-flex wp-block-gallery-is-layout-flex\">\n<figure class=\"wp-block-image size-large\"><img decoding=\"async\" width=\"1024\" height=\"683\" data-id=\"407\" src=\"https:\/\/uncannypolitics.org\/wp-content\/uploads\/2025\/02\/DSC00720-1024x683.jpg\" alt=\"\" class=\"wp-image-407\" srcset=\"https:\/\/uncannypolitics.org\/wp-content\/uploads\/2025\/02\/DSC00720-1024x683.jpg 1024w, https:\/\/uncannypolitics.org\/wp-content\/uploads\/2025\/02\/DSC00720-300x200.jpg 300w, https:\/\/uncannypolitics.org\/wp-content\/uploads\/2025\/02\/DSC00720-768x512.jpg 768w, https:\/\/uncannypolitics.org\/wp-content\/uploads\/2025\/02\/DSC00720-1536x1024.jpg 1536w, https:\/\/uncannypolitics.org\/wp-content\/uploads\/2025\/02\/DSC00720-2048x1365.jpg 2048w\" sizes=\"(max-width: 1024px) 100vw, 1024px\" \/><\/figure>\n\n\n\n<figure class=\"wp-block-image size-large\"><img decoding=\"async\" width=\"1024\" height=\"683\" data-id=\"92\" src=\"https:\/\/uncannypolitics.org\/wp-content\/uploads\/2025\/02\/Zone-Ordonneau-2-1024x683.jpg\" alt=\"\" class=\"wp-image-92\" srcset=\"https:\/\/uncannypolitics.org\/wp-content\/uploads\/2025\/02\/Zone-Ordonneau-2-1024x683.jpg 1024w, https:\/\/uncannypolitics.org\/wp-content\/uploads\/2025\/02\/Zone-Ordonneau-2-300x200.jpg 300w, https:\/\/uncannypolitics.org\/wp-content\/uploads\/2025\/02\/Zone-Ordonneau-2-768x512.jpg 768w, https:\/\/uncannypolitics.org\/wp-content\/uploads\/2025\/02\/Zone-Ordonneau-2-1536x1024.jpg 1536w\" sizes=\"(max-width: 1024px) 100vw, 1024px\" \/><\/figure>\n<\/figure>\n\n\n\n<figure class=\"wp-block-image size-large is-resized\"><img decoding=\"async\" width=\"1024\" height=\"585\" src=\"http:\/\/uncannypolitics.org\/wp-content\/uploads\/2025\/02\/SpielreinCenter_350x200-1024x585.png\" alt=\"\" class=\"wp-image-106\" style=\"width:2144px;height:auto\" srcset=\"https:\/\/uncannypolitics.org\/wp-content\/uploads\/2025\/02\/SpielreinCenter_350x200-1024x585.png 1024w, https:\/\/uncannypolitics.org\/wp-content\/uploads\/2025\/02\/SpielreinCenter_350x200-300x171.png 300w\" sizes=\"(max-width: 1024px) 100vw, 1024px\" \/><\/figure>\n\n\n\n<figure class=\"wp-block-gallery has-nested-images columns-default is-cropped wp-block-gallery-4 is-layout-flex wp-block-gallery-is-layout-flex\">\n<figure class=\"wp-block-image size-large\"><img decoding=\"async\" width=\"1024\" height=\"768\" data-id=\"103\" src=\"https:\/\/uncannypolitics.org\/wp-content\/uploads\/2025\/02\/IMG_20240203_160307-1024x768.jpg\" alt=\"\" class=\"wp-image-103\" srcset=\"https:\/\/uncannypolitics.org\/wp-content\/uploads\/2025\/02\/IMG_20240203_160307-1024x768.jpg 1024w, https:\/\/uncannypolitics.org\/wp-content\/uploads\/2025\/02\/IMG_20240203_160307-300x225.jpg 300w, https:\/\/uncannypolitics.org\/wp-content\/uploads\/2025\/02\/IMG_20240203_160307-768x576.jpg 768w, https:\/\/uncannypolitics.org\/wp-content\/uploads\/2025\/02\/IMG_20240203_160307-1536x1152.jpg 1536w, https:\/\/uncannypolitics.org\/wp-content\/uploads\/2025\/02\/IMG_20240203_160307-2048x1536.jpg 2048w\" sizes=\"(max-width: 1024px) 100vw, 1024px\" \/><\/figure>\n\n\n\n<figure class=\"wp-block-image size-large\"><img decoding=\"async\" width=\"1024\" height=\"683\" data-id=\"408\" src=\"https:\/\/uncannypolitics.org\/wp-content\/uploads\/2025\/02\/DSC00716-1024x683.jpg\" alt=\"\" class=\"wp-image-408\" srcset=\"https:\/\/uncannypolitics.org\/wp-content\/uploads\/2025\/02\/DSC00716-1024x683.jpg 1024w, https:\/\/uncannypolitics.org\/wp-content\/uploads\/2025\/02\/DSC00716-300x200.jpg 300w, https:\/\/uncannypolitics.org\/wp-content\/uploads\/2025\/02\/DSC00716-768x512.jpg 768w, https:\/\/uncannypolitics.org\/wp-content\/uploads\/2025\/02\/DSC00716-1536x1024.jpg 1536w, https:\/\/uncannypolitics.org\/wp-content\/uploads\/2025\/02\/DSC00716-2048x1365.jpg 2048w\" sizes=\"(max-width: 1024px) 100vw, 1024px\" \/><\/figure>\n<\/figure>\n\n\n\n<figure class=\"wp-block-gallery has-nested-images columns-default is-cropped wp-block-gallery-5 is-layout-flex wp-block-gallery-is-layout-flex\">\n<figure class=\"wp-block-image size-large\"><img decoding=\"async\" width=\"1024\" height=\"683\" data-id=\"412\" src=\"http:\/\/uncannypolitics.org\/wp-content\/uploads\/2025\/02\/DSC00733-1024x683.jpg\" alt=\"\" class=\"wp-image-412\" srcset=\"https:\/\/uncannypolitics.org\/wp-content\/uploads\/2025\/02\/DSC00733-1024x683.jpg 1024w, https:\/\/uncannypolitics.org\/wp-content\/uploads\/2025\/02\/DSC00733-300x200.jpg 300w, https:\/\/uncannypolitics.org\/wp-content\/uploads\/2025\/02\/DSC00733-768x512.jpg 768w, https:\/\/uncannypolitics.org\/wp-content\/uploads\/2025\/02\/DSC00733-1536x1024.jpg 1536w, https:\/\/uncannypolitics.org\/wp-content\/uploads\/2025\/02\/DSC00733-2048x1365.jpg 2048w\" sizes=\"(max-width: 1024px) 100vw, 1024px\" \/><\/figure>\n\n\n\n<figure class=\"wp-block-image size-large\"><img decoding=\"async\" width=\"1024\" height=\"768\" data-id=\"109\" src=\"https:\/\/uncannypolitics.org\/wp-content\/uploads\/2025\/02\/IMG_20250117_131330-1024x768.jpg\" alt=\"\" class=\"wp-image-109\" srcset=\"https:\/\/uncannypolitics.org\/wp-content\/uploads\/2025\/02\/IMG_20250117_131330-1024x768.jpg 1024w, https:\/\/uncannypolitics.org\/wp-content\/uploads\/2025\/02\/IMG_20250117_131330-300x225.jpg 300w, https:\/\/uncannypolitics.org\/wp-content\/uploads\/2025\/02\/IMG_20250117_131330-768x576.jpg 768w, https:\/\/uncannypolitics.org\/wp-content\/uploads\/2025\/02\/IMG_20250117_131330-1536x1152.jpg 1536w, https:\/\/uncannypolitics.org\/wp-content\/uploads\/2025\/02\/IMG_20250117_131330-2048x1536.jpg 2048w\" sizes=\"(max-width: 1024px) 100vw, 1024px\" \/><\/figure>\n\n\n\n<figure class=\"wp-block-image size-large\"><img decoding=\"async\" width=\"1024\" height=\"683\" data-id=\"100\" src=\"http:\/\/uncannypolitics.org\/wp-content\/uploads\/2025\/02\/DSC00748-1024x683.jpg\" alt=\"\" class=\"wp-image-100\" srcset=\"https:\/\/uncannypolitics.org\/wp-content\/uploads\/2025\/02\/DSC00748-1024x683.jpg 1024w, https:\/\/uncannypolitics.org\/wp-content\/uploads\/2025\/02\/DSC00748-300x200.jpg 300w, https:\/\/uncannypolitics.org\/wp-content\/uploads\/2025\/02\/DSC00748-768x512.jpg 768w, https:\/\/uncannypolitics.org\/wp-content\/uploads\/2025\/02\/DSC00748-1536x1024.jpg 1536w, https:\/\/uncannypolitics.org\/wp-content\/uploads\/2025\/02\/DSC00748-2048x1365.jpg 2048w\" sizes=\"(max-width: 1024px) 100vw, 1024px\" \/><\/figure>\n<\/figure>\n\n\n\n<figure class=\"wp-block-gallery has-nested-images columns-default is-cropped wp-block-gallery-6 is-layout-flex wp-block-gallery-is-layout-flex\">\n<figure class=\"wp-block-image size-large\"><img decoding=\"async\" width=\"768\" height=\"1024\" data-id=\"111\" src=\"https:\/\/uncannypolitics.org\/wp-content\/uploads\/2025\/02\/IMG_20250117_130334-768x1024.jpg\" alt=\"\" class=\"wp-image-111\" srcset=\"https:\/\/uncannypolitics.org\/wp-content\/uploads\/2025\/02\/IMG_20250117_130334-768x1024.jpg 768w, https:\/\/uncannypolitics.org\/wp-content\/uploads\/2025\/02\/IMG_20250117_130334-225x300.jpg 225w, https:\/\/uncannypolitics.org\/wp-content\/uploads\/2025\/02\/IMG_20250117_130334-1152x1536.jpg 1152w, https:\/\/uncannypolitics.org\/wp-content\/uploads\/2025\/02\/IMG_20250117_130334-1536x2048.jpg 1536w, https:\/\/uncannypolitics.org\/wp-content\/uploads\/2025\/02\/IMG_20250117_130334-scaled.jpg 1920w\" sizes=\"(max-width: 768px) 100vw, 768px\" \/><figcaption class=\"wp-element-caption\">V\u00e9ritable panneau d&#8217;information \u00e0 l&#8217;entr\u00e9e du chantier de d\u00e9pollution, apr\u00e8s l&#8217;installation ZONE<\/figcaption><\/figure>\n\n\n\n<figure class=\"wp-block-image size-large\"><img decoding=\"async\" width=\"768\" height=\"1024\" data-id=\"112\" src=\"https:\/\/uncannypolitics.org\/wp-content\/uploads\/2025\/02\/IMG_20250117_130426-768x1024.jpg\" alt=\"\" class=\"wp-image-112\" srcset=\"https:\/\/uncannypolitics.org\/wp-content\/uploads\/2025\/02\/IMG_20250117_130426-768x1024.jpg 768w, https:\/\/uncannypolitics.org\/wp-content\/uploads\/2025\/02\/IMG_20250117_130426-225x300.jpg 225w, https:\/\/uncannypolitics.org\/wp-content\/uploads\/2025\/02\/IMG_20250117_130426-1152x1536.jpg 1152w, https:\/\/uncannypolitics.org\/wp-content\/uploads\/2025\/02\/IMG_20250117_130426-1536x2048.jpg 1536w, https:\/\/uncannypolitics.org\/wp-content\/uploads\/2025\/02\/IMG_20250117_130426-scaled.jpg 1920w\" sizes=\"(max-width: 768px) 100vw, 768px\" \/><\/figure>\n<\/figure>\n\n\n\n<figure class=\"wp-block-image size-large is-resized\"><img decoding=\"async\" width=\"1024\" height=\"768\" src=\"http:\/\/uncannypolitics.org\/wp-content\/uploads\/2025\/02\/IMG_20250117_130609-1024x768.jpg\" alt=\"\" class=\"wp-image-113\" style=\"width:1570px;height:auto\" srcset=\"https:\/\/uncannypolitics.org\/wp-content\/uploads\/2025\/02\/IMG_20250117_130609-1024x768.jpg 1024w, https:\/\/uncannypolitics.org\/wp-content\/uploads\/2025\/02\/IMG_20250117_130609-300x225.jpg 300w, https:\/\/uncannypolitics.org\/wp-content\/uploads\/2025\/02\/IMG_20250117_130609-768x576.jpg 768w, https:\/\/uncannypolitics.org\/wp-content\/uploads\/2025\/02\/IMG_20250117_130609-1536x1152.jpg 1536w, https:\/\/uncannypolitics.org\/wp-content\/uploads\/2025\/02\/IMG_20250117_130609-2048x1536.jpg 2048w\" sizes=\"(max-width: 1024px) 100vw, 1024px\" \/><figcaption class=\"wp-element-caption\">Chantier de d\u00e9pollution des sols apr\u00e8s l&#8217;installation ZONE<\/figcaption><\/figure>\n\n\n\n<p>Bas\u00e9 sur le concept d&#8217;hyperstition th\u00e9oris\u00e9 par le CCRU (<em>Cybernetic Culture Research Unit)<\/em>, l&#8217;installation ZONE souhaitait engager les citoyen.nes dans une imagination partag\u00e9e et une pratique politique collective.<br><br>S&#8217;\u00e9tendant sur deux lieux distincts et inspir\u00e9 par les contributions oubli\u00e9es de Sabina Spielrein \u00e0 la psychanalyse, le projet s&#8217;est implant\u00e9 dans un ancien h\u00f4pital psychiatrique et un terrain vague de la ville. Il utilise un panneau de chantier promulguant l&#8217;arriv\u00e9e d&#8217;un h\u00f4pital psychiatrique fictif destin\u00e9 \u00e0 d\u00e9truire le capitalisme pour r\u00e9soudre la crise sanitaire de sant\u00e9 mentale. Une installation immersive situ\u00e9e dans l&#8217;ancien h\u00f4pital psychiatrique viens en compl\u00e9ment d\u00e9tailler le chantier et informer sur sa construction, comme s&#8217;il s&#8217;agissait d&#8217;une salle d&#8217;attente pour le futur centre de soin.<\/p>\n\n\n\n<p>Les deux lieux communiquent via des inversions entre int\u00e9riorit\u00e9 et ext\u00e9riorit\u00e9. Les oiseaux disparus de la zone o\u00f9 doit \u00eatre construit le futur centre de soin peuvent par exemple \u00eatre entendus dans l&#8217;ancien h\u00f4pital psychiatrique sous une nouvelle forme synth\u00e9tique, r\u00e9sonnant \u00e0 travers les tuyaux. Les vari\u00e9t\u00e9s de chardons qui occupent le terrain vague \u2013 surnomm\u00e9s \u00ab bal des oiseaux \u00bb par ce qu&#8217;ils permettent \u00e0 ceux-ci de s&#8217;abreuver et de manger leurs graines \u2013 ont commenc\u00e9 \u00e0 envahir l&#8217;espace d&#8217;attente du futur centre Spielrein. Le panneau g\u00e9n\u00e9r\u00e9 par IA questionne l&#8217;imaginaire biais\u00e9 des bases de donn\u00e9es tout en ouvrant \u00e0 l&#8217;interpr\u00e9tation par la charte de l&#8217;\u00e9tablissement, inspir\u00e9e de critiques de la psychanalyse op\u00e9r\u00e9es par Mark Fisher, Gilles Deleuze et F\u00e9lix Guattari. L&#8217;ensemble r\u00e9v\u00e8le les tensions entre gentrification, d\u00e9mocratie, sant\u00e9 mentale et crises \u00e9cologiques.<\/p>\n\n\n\n<p><br>\u00c0 travers des installations, des discours et des interactions publiques r\u00e9elles et virtuelles, l&#8217;installation ZONE brouille les fronti\u00e8res entre fiction et r\u00e9alit\u00e9. Invoquant l&#8217;hantologie pour r\u00e9animer des futurs utopiques oubli\u00e9s, l&#8217;\u0153uvre \u00e0 produit la participation de diff\u00e9rents acteur.rices publics et priv\u00e9s \u2013 parfois \u00e0 leur insu \u2013 pour r\u00e9v\u00e9ler et corriger des manquements d\u00e9mocratiques. En abordant des espaces abandonn\u00e9s et des histoires r\u00e9prim\u00e9es, le projet favorise une r\u00e9flexion critique sur la sant\u00e9 mentale, les d\u00e9sirs politiques et le potentiel sp\u00e9culatif des non-lieux pour transformer l&#8217;imaginaire collectif.<\/p>\n","protected":false},"excerpt":{"rendered":"<p>2024 Installation immersive, participative et in situ R\u00e9alis\u00e9e avec le soutien de l&#8217;\u00c9cole Universitaire de Recherche Creative Approach to Public Spaces M\u00e9diums : faux panneau de chantier, AI, plantes, mobilier, structures m\u00e9talliques, nano-ordinateur, enceintes Bas\u00e9 sur le concept d&#8217;hyperstition th\u00e9oris\u00e9 par le CCRU (Cybernetic Culture Research Unit), l&#8217;installation ZONE souhaitait engager les citoyen.nes dans une [&hellip;]<\/p>\n","protected":false},"author":1,"featured_media":0,"parent":185,"menu_order":0,"comment_status":"closed","ping_status":"closed","template":"","meta":{"footnotes":""},"class_list":["post-161","page","type-page","status-publish"],"_links":{"self":[{"href":"https:\/\/uncannypolitics.org\/index.php\/wp-json\/wp\/v2\/pages\/161","targetHints":{"allow":["GET"]}}],"collection":[{"href":"https:\/\/uncannypolitics.org\/index.php\/wp-json\/wp\/v2\/pages"}],"about":[{"href":"https:\/\/uncannypolitics.org\/index.php\/wp-json\/wp\/v2\/types\/page"}],"author":[{"embeddable":true,"href":"https:\/\/uncannypolitics.org\/index.php\/wp-json\/wp\/v2\/users\/1"}],"replies":[{"embeddable":true,"href":"https:\/\/uncannypolitics.org\/index.php\/wp-json\/wp\/v2\/comments?post=161"}],"version-history":[{"count":29,"href":"https:\/\/uncannypolitics.org\/index.php\/wp-json\/wp\/v2\/pages\/161\/revisions"}],"predecessor-version":[{"id":974,"href":"https:\/\/uncannypolitics.org\/index.php\/wp-json\/wp\/v2\/pages\/161\/revisions\/974"}],"up":[{"embeddable":true,"href":"https:\/\/uncannypolitics.org\/index.php\/wp-json\/wp\/v2\/pages\/185"}],"wp:attachment":[{"href":"https:\/\/uncannypolitics.org\/index.php\/wp-json\/wp\/v2\/media?parent=161"}],"curies":[{"name":"wp","href":"https:\/\/api.w.org\/{rel}","templated":true}]}}